{"id":776008,"date":"2026-04-11T03:00:12","date_gmt":"2026-04-11T03:00:12","guid":{"rendered":""},"modified":"2026-04-11T03:00:12","modified_gmt":"2026-04-11T03:00:12","slug":"roolikate-labimoodule-37-39cm6","status":"publish","type":"product","link":"https:\/\/tparts.ee\/et\/p\/roolikate-labimoodule-37-39cm6\/","title":{"rendered":"Roolikate  l\u00e4bim\u00f5\u00f5dule 37-39cm"},"content":{"rendered":"<p> must<\/p>","protected":false},"excerpt":{"rendered":"<p>S103-04170<\/p>\n","protected":false},"featured_media":776009,"template":"","meta":[],"product_cat":[55632,55879,55633],"product_tag":[],"_links":{"self":[{"href":"https:\/\/tparts.ee\/et\/wp-json\/wp\/v2\/product\/776008"}],"collection":[{"href":"https:\/\/tparts.ee\/et\/wp-json\/wp\/v2\/product"}],"about":[{"href":"https:\/\/tparts.ee\/et\/wp-json\/wp\/v2\/types\/product"}],"wp:featuredmedia":[{"embeddable":true,"href":"https:\/\/tparts.ee\/et\/wp-json\/wp\/v2\/media\/776009"}],"wp:attachment":[{"href":"https:\/\/tparts.ee\/et\/wp-json\/wp\/v2\/media?parent=776008"}],"wp:term":[{"taxonomy":"product_cat","embeddable":true,"href":"https:\/\/tparts.ee\/et\/wp-json\/wp\/v2\/product_cat?post=776008"},{"taxonomy":"product_tag","embeddable":true,"href":"https:\/\/tparts.ee\/et\/wp-json\/wp\/v2\/product_tag?post=776008"}],"curies":[{"name":"wp","href":"https:\/\/api.w.org\/{rel}","templated":true}]}}