{"id":775814,"date":"2026-01-10T03:00:31","date_gmt":"2026-01-10T03:00:31","guid":{"rendered":""},"modified":"2026-01-10T03:00:31","modified_gmt":"2026-01-10T03:00:31","slug":"summutiotsik-kroom","status":"publish","type":"product","link":"https:\/\/tparts.ee\/et\/p\/summutiotsik-kroom\/","title":{"rendered":"Summutiotsik kroom"},"content":{"rendered":"<p> l\u00e4bim\u00f5\u00f5dule 43-56mm <\/p>","protected":false},"excerpt":{"rendered":"<p>S103-04064<\/p>\n","protected":false},"featured_media":775815,"template":"","meta":[],"product_cat":[55632,55685,55635],"product_tag":[],"_links":{"self":[{"href":"https:\/\/tparts.ee\/et\/wp-json\/wp\/v2\/product\/775814"}],"collection":[{"href":"https:\/\/tparts.ee\/et\/wp-json\/wp\/v2\/product"}],"about":[{"href":"https:\/\/tparts.ee\/et\/wp-json\/wp\/v2\/types\/product"}],"wp:featuredmedia":[{"embeddable":true,"href":"https:\/\/tparts.ee\/et\/wp-json\/wp\/v2\/media\/775815"}],"wp:attachment":[{"href":"https:\/\/tparts.ee\/et\/wp-json\/wp\/v2\/media?parent=775814"}],"wp:term":[{"taxonomy":"product_cat","embeddable":true,"href":"https:\/\/tparts.ee\/et\/wp-json\/wp\/v2\/product_cat?post=775814"},{"taxonomy":"product_tag","embeddable":true,"href":"https:\/\/tparts.ee\/et\/wp-json\/wp\/v2\/product_tag?post=775814"}],"curies":[{"name":"wp","href":"https:\/\/api.w.org\/{rel}","templated":true}]}}