{"id":775726,"date":"2026-04-11T03:00:12","date_gmt":"2026-04-11T03:00:12","guid":{"rendered":""},"modified":"2026-04-11T03:00:12","modified_gmt":"2026-04-11T03:00:12","slug":"oli-tuhjendusnou-lehtriga-8l","status":"publish","type":"product","link":"https:\/\/tparts.ee\/et\/p\/oli-tuhjendusnou-lehtriga-8l\/","title":{"rendered":"\u00d5li t\u00fchjendusn\u00f5u lehtriga 8L"},"content":{"rendered":"<p> 39cm\t<\/p>","protected":false},"excerpt":{"rendered":"<p>S103-04051<\/p>\n","protected":false},"featured_media":775727,"template":"","meta":[],"product_cat":[55632,55810,55678],"product_tag":[],"_links":{"self":[{"href":"https:\/\/tparts.ee\/et\/wp-json\/wp\/v2\/product\/775726"}],"collection":[{"href":"https:\/\/tparts.ee\/et\/wp-json\/wp\/v2\/product"}],"about":[{"href":"https:\/\/tparts.ee\/et\/wp-json\/wp\/v2\/types\/product"}],"wp:featuredmedia":[{"embeddable":true,"href":"https:\/\/tparts.ee\/et\/wp-json\/wp\/v2\/media\/775727"}],"wp:attachment":[{"href":"https:\/\/tparts.ee\/et\/wp-json\/wp\/v2\/media?parent=775726"}],"wp:term":[{"taxonomy":"product_cat","embeddable":true,"href":"https:\/\/tparts.ee\/et\/wp-json\/wp\/v2\/product_cat?post=775726"},{"taxonomy":"product_tag","embeddable":true,"href":"https:\/\/tparts.ee\/et\/wp-json\/wp\/v2\/product_tag?post=775726"}],"curies":[{"name":"wp","href":"https:\/\/api.w.org\/{rel}","templated":true}]}}