{"id":775722,"date":"2026-04-17T03:00:11","date_gmt":"2026-04-17T03:00:11","guid":{"rendered":""},"modified":"2026-04-17T03:00:11","modified_gmt":"2026-04-17T03:00:11","slug":"oli-tuhjendusnou-lehtriga-10l","status":"publish","type":"product","link":"https:\/\/tparts.ee\/et\/p\/oli-tuhjendusnou-lehtriga-10l\/","title":{"rendered":"\u00d5li t\u00fchjendusn\u00f5u lehtriga 10L"},"content":{"rendered":"<p> 50cm<\/p>","protected":false},"excerpt":{"rendered":"<p>S103-04052<\/p>\n","protected":false},"featured_media":775723,"template":"","meta":[],"product_cat":[55632,55810,55678],"product_tag":[],"_links":{"self":[{"href":"https:\/\/tparts.ee\/et\/wp-json\/wp\/v2\/product\/775722"}],"collection":[{"href":"https:\/\/tparts.ee\/et\/wp-json\/wp\/v2\/product"}],"about":[{"href":"https:\/\/tparts.ee\/et\/wp-json\/wp\/v2\/types\/product"}],"wp:featuredmedia":[{"embeddable":true,"href":"https:\/\/tparts.ee\/et\/wp-json\/wp\/v2\/media\/775723"}],"wp:attachment":[{"href":"https:\/\/tparts.ee\/et\/wp-json\/wp\/v2\/media?parent=775722"}],"wp:term":[{"taxonomy":"product_cat","embeddable":true,"href":"https:\/\/tparts.ee\/et\/wp-json\/wp\/v2\/product_cat?post=775722"},{"taxonomy":"product_tag","embeddable":true,"href":"https:\/\/tparts.ee\/et\/wp-json\/wp\/v2\/product_tag?post=775722"}],"curies":[{"name":"wp","href":"https:\/\/api.w.org\/{rel}","templated":true}]}}