{"id":775658,"date":"2026-04-01T03:00:13","date_gmt":"2026-04-01T03:00:13","guid":{"rendered":""},"modified":"2026-04-01T03:00:13","modified_gmt":"2026-04-01T03:00:13","slug":"poleerimiskomplekt-4-osaline","status":"publish","type":"product","link":"https:\/\/tparts.ee\/et\/p\/poleerimiskomplekt-4-osaline\/","title":{"rendered":"Poleerimiskomplekt 4-osaline"},"content":{"rendered":"<p> l\u00e4bim\u00f5\u00f5t 30mm<\/p>","protected":false},"excerpt":{"rendered":"<p>S103-03701<\/p>\n","protected":false},"featured_media":775659,"template":"","meta":[],"product_cat":[55701,55632,55763],"product_tag":[],"_links":{"self":[{"href":"https:\/\/tparts.ee\/et\/wp-json\/wp\/v2\/product\/775658"}],"collection":[{"href":"https:\/\/tparts.ee\/et\/wp-json\/wp\/v2\/product"}],"about":[{"href":"https:\/\/tparts.ee\/et\/wp-json\/wp\/v2\/types\/product"}],"wp:featuredmedia":[{"embeddable":true,"href":"https:\/\/tparts.ee\/et\/wp-json\/wp\/v2\/media\/775659"}],"wp:attachment":[{"href":"https:\/\/tparts.ee\/et\/wp-json\/wp\/v2\/media?parent=775658"}],"wp:term":[{"taxonomy":"product_cat","embeddable":true,"href":"https:\/\/tparts.ee\/et\/wp-json\/wp\/v2\/product_cat?post=775658"},{"taxonomy":"product_tag","embeddable":true,"href":"https:\/\/tparts.ee\/et\/wp-json\/wp\/v2\/product_tag?post=775658"}],"curies":[{"name":"wp","href":"https:\/\/api.w.org\/{rel}","templated":true}]}}