{"id":775242,"date":"2026-04-14T03:00:12","date_gmt":"2026-04-14T03:00:12","guid":{"rendered":""},"modified":"2026-04-14T03:00:12","modified_gmt":"2026-04-14T03:00:12","slug":"interioori-puhastuskasn-15x10x3-cm","status":"publish","type":"product","link":"https:\/\/tparts.ee\/et\/p\/interioori-puhastuskasn-15x10x3-cm\/","title":{"rendered":"Interi\u00f6\u00f6ri puhastusk\u00e4sn 15x10x3 cm"},"content":{"rendered":"<p><\/p>\n<p>Autosalongi puhastamiseks m&otilde;eldud mikrokiust k&auml;sn on hindamatu abivahend iga&uuml;hele<\/p>","protected":false},"excerpt":{"rendered":"<p>S103-03844<\/p>\n","protected":false},"featured_media":775243,"template":"","meta":[],"product_cat":[55701,55632,55786],"product_tag":[],"_links":{"self":[{"href":"https:\/\/tparts.ee\/et\/wp-json\/wp\/v2\/product\/775242"}],"collection":[{"href":"https:\/\/tparts.ee\/et\/wp-json\/wp\/v2\/product"}],"about":[{"href":"https:\/\/tparts.ee\/et\/wp-json\/wp\/v2\/types\/product"}],"wp:featuredmedia":[{"embeddable":true,"href":"https:\/\/tparts.ee\/et\/wp-json\/wp\/v2\/media\/775243"}],"wp:attachment":[{"href":"https:\/\/tparts.ee\/et\/wp-json\/wp\/v2\/media?parent=775242"}],"wp:term":[{"taxonomy":"product_cat","embeddable":true,"href":"https:\/\/tparts.ee\/et\/wp-json\/wp\/v2\/product_cat?post=775242"},{"taxonomy":"product_tag","embeddable":true,"href":"https:\/\/tparts.ee\/et\/wp-json\/wp\/v2\/product_tag?post=775242"}],"curies":[{"name":"wp","href":"https:\/\/api.w.org\/{rel}","templated":true}]}}