{"id":774520,"date":"2026-01-10T03:00:29","date_gmt":"2026-01-10T03:00:29","guid":{"rendered":""},"modified":"2026-01-10T03:00:29","modified_gmt":"2026-01-10T03:00:29","slug":"suutepoolide-tommitsad-vag","status":"publish","type":"product","link":"https:\/\/tparts.ee\/et\/p\/suutepoolide-tommitsad-vag\/","title":{"rendered":"S\u00fc\u00fctepoolide t\u00f5mmitsad VAG"},"content":{"rendered":"<p> GM    <\/p>","protected":false},"excerpt":{"rendered":"<p>S183-8138<\/p>\n","protected":false},"featured_media":774521,"template":"","meta":[],"product_cat":[56001,55638,55622],"product_tag":[],"_links":{"self":[{"href":"https:\/\/tparts.ee\/et\/wp-json\/wp\/v2\/product\/774520"}],"collection":[{"href":"https:\/\/tparts.ee\/et\/wp-json\/wp\/v2\/product"}],"about":[{"href":"https:\/\/tparts.ee\/et\/wp-json\/wp\/v2\/types\/product"}],"wp:featuredmedia":[{"embeddable":true,"href":"https:\/\/tparts.ee\/et\/wp-json\/wp\/v2\/media\/774521"}],"wp:attachment":[{"href":"https:\/\/tparts.ee\/et\/wp-json\/wp\/v2\/media?parent=774520"}],"wp:term":[{"taxonomy":"product_cat","embeddable":true,"href":"https:\/\/tparts.ee\/et\/wp-json\/wp\/v2\/product_cat?post=774520"},{"taxonomy":"product_tag","embeddable":true,"href":"https:\/\/tparts.ee\/et\/wp-json\/wp\/v2\/product_tag?post=774520"}],"curies":[{"name":"wp","href":"https:\/\/api.w.org\/{rel}","templated":true}]}}