{"id":773244,"date":"2026-01-10T03:00:27","date_gmt":"2026-01-10T03:00:27","guid":{"rendered":""},"modified":"2026-01-10T03:00:27","modified_gmt":"2026-01-10T03:00:27","slug":"pesunoor-elastne-2m-3","status":"publish","type":"product","link":"https:\/\/tparts.ee\/et\/p\/pesunoor-elastne-2m-3\/","title":{"rendered":"Pesun\u00f6\u00f6r elastne 2m-3"},"content":{"rendered":"<p>3m 12 pesul\u00f5ksuga <\/p>","protected":false},"excerpt":{"rendered":"<p>S103-362103<\/p>\n","protected":false},"featured_media":773245,"template":"","meta":[],"product_cat":[55816,55617],"product_tag":[],"_links":{"self":[{"href":"https:\/\/tparts.ee\/et\/wp-json\/wp\/v2\/product\/773244"}],"collection":[{"href":"https:\/\/tparts.ee\/et\/wp-json\/wp\/v2\/product"}],"about":[{"href":"https:\/\/tparts.ee\/et\/wp-json\/wp\/v2\/types\/product"}],"wp:featuredmedia":[{"embeddable":true,"href":"https:\/\/tparts.ee\/et\/wp-json\/wp\/v2\/media\/773245"}],"wp:attachment":[{"href":"https:\/\/tparts.ee\/et\/wp-json\/wp\/v2\/media?parent=773244"}],"wp:term":[{"taxonomy":"product_cat","embeddable":true,"href":"https:\/\/tparts.ee\/et\/wp-json\/wp\/v2\/product_cat?post=773244"},{"taxonomy":"product_tag","embeddable":true,"href":"https:\/\/tparts.ee\/et\/wp-json\/wp\/v2\/product_tag?post=773244"}],"curies":[{"name":"wp","href":"https:\/\/api.w.org\/{rel}","templated":true}]}}