{"id":772758,"date":"2026-01-10T03:00:27","date_gmt":"2026-01-10T03:00:27","guid":{"rendered":""},"modified":"2026-01-10T03:00:27","modified_gmt":"2026-01-10T03:00:27","slug":"eelsuutekuunla-tester-12v","status":"publish","type":"product","link":"https:\/\/tparts.ee\/et\/p\/eelsuutekuunla-tester-12v\/","title":{"rendered":"Eels\u00fc\u00fctek\u00fc\u00fcnla tester 12V"},"content":{"rendered":"<p><\/p>\n<p>Tester v&otilde;imaldab juba paigaldatud eels&uuml;&uuml;tek&uuml;&uuml;nalde lihtsat ja kiiret diagnostikat<br \/>","protected":false},"excerpt":{"rendered":"<p>S171-HT8G430<\/p>\n","protected":false},"featured_media":772759,"template":"","meta":[],"product_cat":[55638,56804,55622],"product_tag":[],"_links":{"self":[{"href":"https:\/\/tparts.ee\/et\/wp-json\/wp\/v2\/product\/772758"}],"collection":[{"href":"https:\/\/tparts.ee\/et\/wp-json\/wp\/v2\/product"}],"about":[{"href":"https:\/\/tparts.ee\/et\/wp-json\/wp\/v2\/types\/product"}],"wp:featuredmedia":[{"embeddable":true,"href":"https:\/\/tparts.ee\/et\/wp-json\/wp\/v2\/media\/772759"}],"wp:attachment":[{"href":"https:\/\/tparts.ee\/et\/wp-json\/wp\/v2\/media?parent=772758"}],"wp:term":[{"taxonomy":"product_cat","embeddable":true,"href":"https:\/\/tparts.ee\/et\/wp-json\/wp\/v2\/product_cat?post=772758"},{"taxonomy":"product_tag","embeddable":true,"href":"https:\/\/tparts.ee\/et\/wp-json\/wp\/v2\/product_tag?post=772758"}],"curies":[{"name":"wp","href":"https:\/\/api.w.org\/{rel}","templated":true}]}}