{"id":771224,"date":"2026-04-12T03:00:06","date_gmt":"2026-04-12T03:00:06","guid":{"rendered":""},"modified":"2026-04-12T03:00:06","modified_gmt":"2026-04-12T03:00:06","slug":"validuss-20l","status":"publish","type":"product","link":"https:\/\/tparts.ee\/et\/p\/validuss-20l\/","title":{"rendered":"V\u00e4lidu\u0161\u0161 20L"},"content":{"rendered":"<p><\/p>\n<ul style=margin-top: 0mm; type=disc><\/p>\n<li class=MsoNormal style=mso-list: l1 level1 lfo15; tab-stops: list 36.0pt;>Vee soojendamine p&auml;ikese <span style=mso-bidi-language: HI;>soojusega<\/span><\/li>\n<p><\/p>\n<li class=MsoNormal style=mso-list: l1 level1 lfo15; tab-stops: list 36.0pt;>Kerge ja vastupidav PVC konstruktsioon.<\/li>\n<p><\/p>\n<li class=MsoNormal style=mso-list: l1 level1 lfo15; tab-stops: list 36.0pt;>Sisaldab du&scaron;i<span style=mso-bidi-language: HI;>otsikut<\/span><br \/>","protected":false},"excerpt":{"rendered":"<p>S103-770406<\/p>\n","protected":false},"featured_media":771225,"template":"","meta":[],"product_cat":[55816,55617],"product_tag":[],"_links":{"self":[{"href":"https:\/\/tparts.ee\/et\/wp-json\/wp\/v2\/product\/771224"}],"collection":[{"href":"https:\/\/tparts.ee\/et\/wp-json\/wp\/v2\/product"}],"about":[{"href":"https:\/\/tparts.ee\/et\/wp-json\/wp\/v2\/types\/product"}],"wp:featuredmedia":[{"embeddable":true,"href":"https:\/\/tparts.ee\/et\/wp-json\/wp\/v2\/media\/771225"}],"wp:attachment":[{"href":"https:\/\/tparts.ee\/et\/wp-json\/wp\/v2\/media?parent=771224"}],"wp:term":[{"taxonomy":"product_cat","embeddable":true,"href":"https:\/\/tparts.ee\/et\/wp-json\/wp\/v2\/product_cat?post=771224"},{"taxonomy":"product_tag","embeddable":true,"href":"https:\/\/tparts.ee\/et\/wp-json\/wp\/v2\/product_tag?post=771224"}],"curies":[{"name":"wp","href":"https:\/\/api.w.org\/{rel}","templated":true}]}}