{"id":770404,"date":"2026-04-16T03:00:10","date_gmt":"2026-04-16T03:00:10","guid":{"rendered":""},"modified":"2026-04-16T03:00:10","modified_gmt":"2026-04-16T03:00:10","slug":"osram-ledinspect-mini250-toolamp","status":"publish","type":"product","link":"https:\/\/tparts.ee\/et\/p\/osram-ledinspect-mini250-toolamp\/","title":{"rendered":"Osram LEDinspect MINI250 t\u00f6\u00f6lamp"},"content":{"rendered":"<p><\/p>\n<p>Osrami kvaliteetne t\u00f6\u00f6lamp sobib ideaalselt nii professionaalseks kui ka isiklikuks kasutamiseks. Kolme valgusfunktsiooniga &#8211; k\u00f5rge kuni 250 lm<\/p>","protected":false},"excerpt":{"rendered":"<p>S152-LEDIL401<\/p>\n","protected":false},"featured_media":770405,"template":"","meta":[],"product_cat":[55699,55623,55622],"product_tag":[],"_links":{"self":[{"href":"https:\/\/tparts.ee\/et\/wp-json\/wp\/v2\/product\/770404"}],"collection":[{"href":"https:\/\/tparts.ee\/et\/wp-json\/wp\/v2\/product"}],"about":[{"href":"https:\/\/tparts.ee\/et\/wp-json\/wp\/v2\/types\/product"}],"wp:featuredmedia":[{"embeddable":true,"href":"https:\/\/tparts.ee\/et\/wp-json\/wp\/v2\/media\/770405"}],"wp:attachment":[{"href":"https:\/\/tparts.ee\/et\/wp-json\/wp\/v2\/media?parent=770404"}],"wp:term":[{"taxonomy":"product_cat","embeddable":true,"href":"https:\/\/tparts.ee\/et\/wp-json\/wp\/v2\/product_cat?post=770404"},{"taxonomy":"product_tag","embeddable":true,"href":"https:\/\/tparts.ee\/et\/wp-json\/wp\/v2\/product_tag?post=770404"}],"curies":[{"name":"wp","href":"https:\/\/api.w.org\/{rel}","templated":true}]}}