{"id":770148,"date":"2026-03-06T03:00:11","date_gmt":"2026-03-06T03:00:11","guid":{"rendered":""},"modified":"2026-03-06T03:00:11","modified_gmt":"2026-03-06T03:00:11","slug":"offroad-soidukindad-tough-xxl","status":"publish","type":"product","link":"https:\/\/tparts.ee\/et\/p\/offroad-soidukindad-tough-xxl\/","title":{"rendered":"Offroad s\u00f5idukindad Tough XXL"},"content":{"rendered":"<p><\/p>\n<p>Eriti pehme Skeentex peopesa<\/p>\n<p>\u2022 k\u00e4sitsi valmistatud<\/p>\n<p>\u2022 Mugavus ja maksimaalne vabadus<\/p>\n<p>\u2022 l\u00f6\u00f6kide vastased kummit\u00fckid<\/p>\n<p>\u2022 Tugev ja hingav tekstiilist tagaosa<\/p>\n<p>\u2022 p\u00f6idla puutetundlik funktsioon.<\/p>\n<p>Materjal: 40% pol\u00fcester <\/p>","protected":false},"excerpt":{"rendered":"<p>S103-9399.1<\/p>\n","protected":false},"featured_media":770149,"template":"","meta":[],"product_cat":[55705,55704,55795],"product_tag":[],"_links":{"self":[{"href":"https:\/\/tparts.ee\/et\/wp-json\/wp\/v2\/product\/770148"}],"collection":[{"href":"https:\/\/tparts.ee\/et\/wp-json\/wp\/v2\/product"}],"about":[{"href":"https:\/\/tparts.ee\/et\/wp-json\/wp\/v2\/types\/product"}],"wp:featuredmedia":[{"embeddable":true,"href":"https:\/\/tparts.ee\/et\/wp-json\/wp\/v2\/media\/770149"}],"wp:attachment":[{"href":"https:\/\/tparts.ee\/et\/wp-json\/wp\/v2\/media?parent=770148"}],"wp:term":[{"taxonomy":"product_cat","embeddable":true,"href":"https:\/\/tparts.ee\/et\/wp-json\/wp\/v2\/product_cat?post=770148"},{"taxonomy":"product_tag","embeddable":true,"href":"https:\/\/tparts.ee\/et\/wp-json\/wp\/v2\/product_tag?post=770148"}],"curies":[{"name":"wp","href":"https:\/\/api.w.org\/{rel}","templated":true}]}}