{"id":769776,"date":"2026-01-27T03:00:12","date_gmt":"2026-01-27T03:00:12","guid":{"rendered":""},"modified":"2026-01-27T03:00:12","modified_gmt":"2026-01-27T03:00:12","slug":"osram-airzing-mini-ohupuhasti","status":"publish","type":"product","link":"https:\/\/tparts.ee\/et\/p\/osram-airzing-mini-ohupuhasti\/","title":{"rendered":"Osram Airzing mini \u00f5hupuhasti"},"content":{"rendered":"<p><\/p>\n<ul><\/p>\n<li>\u00d5hu filtreerimine ja puhastus<\/li>\n<li>Tapab viiruseid ja batkereid kuni 99% (Kontrollitud s\u00f5ltumatu laborikatse abil vastavalt standardile GB \/ T 18801-2015)<\/li>\n<li>Eemaldab t\u00f5husalt  formaldeh\u00fc\u00fcdi<br \/>","protected":false},"excerpt":{"rendered":"<p>S152-LEDAS101<\/p>\n","protected":false},"featured_media":769777,"template":"","meta":[],"product_cat":[55654,55632,55633],"product_tag":[],"_links":{"self":[{"href":"https:\/\/tparts.ee\/et\/wp-json\/wp\/v2\/product\/769776"}],"collection":[{"href":"https:\/\/tparts.ee\/et\/wp-json\/wp\/v2\/product"}],"about":[{"href":"https:\/\/tparts.ee\/et\/wp-json\/wp\/v2\/types\/product"}],"wp:featuredmedia":[{"embeddable":true,"href":"https:\/\/tparts.ee\/et\/wp-json\/wp\/v2\/media\/769777"}],"wp:attachment":[{"href":"https:\/\/tparts.ee\/et\/wp-json\/wp\/v2\/media?parent=769776"}],"wp:term":[{"taxonomy":"product_cat","embeddable":true,"href":"https:\/\/tparts.ee\/et\/wp-json\/wp\/v2\/product_cat?post=769776"},{"taxonomy":"product_tag","embeddable":true,"href":"https:\/\/tparts.ee\/et\/wp-json\/wp\/v2\/product_tag?post=769776"}],"curies":[{"name":"wp","href":"https:\/\/api.w.org\/{rel}","templated":true}]}}