{"id":769660,"date":"2026-04-16T03:00:10","date_gmt":"2026-04-16T03:00:10","guid":{"rendered":""},"modified":"2026-04-16T03:00:10","modified_gmt":"2026-04-16T03:00:10","slug":"meguiars-ultimate-korglaike-rehvilaige-425g","status":"publish","type":"product","link":"https:\/\/tparts.ee\/et\/p\/meguiars-ultimate-korglaike-rehvilaige-425g\/","title":{"rendered":"Meguiars Ultimate k\u00f5rgl\u00e4ike rehvil\u00e4ige 425g"},"content":{"rendered":"<p><\/p>\n<p>Meguiar&#8217;s Ultimate k&otilde;rgl&auml;ike rehvil&auml;ige<\/p>","protected":false},"excerpt":{"rendered":"<p>S147-G192315EU<\/p>\n","protected":false},"featured_media":769661,"template":"","meta":[],"product_cat":[55632,55686,55779,55821],"product_tag":[],"_links":{"self":[{"href":"https:\/\/tparts.ee\/et\/wp-json\/wp\/v2\/product\/769660"}],"collection":[{"href":"https:\/\/tparts.ee\/et\/wp-json\/wp\/v2\/product"}],"about":[{"href":"https:\/\/tparts.ee\/et\/wp-json\/wp\/v2\/types\/product"}],"wp:featuredmedia":[{"embeddable":true,"href":"https:\/\/tparts.ee\/et\/wp-json\/wp\/v2\/media\/769661"}],"wp:attachment":[{"href":"https:\/\/tparts.ee\/et\/wp-json\/wp\/v2\/media?parent=769660"}],"wp:term":[{"taxonomy":"product_cat","embeddable":true,"href":"https:\/\/tparts.ee\/et\/wp-json\/wp\/v2\/product_cat?post=769660"},{"taxonomy":"product_tag","embeddable":true,"href":"https:\/\/tparts.ee\/et\/wp-json\/wp\/v2\/product_tag?post=769660"}],"curies":[{"name":"wp","href":"https:\/\/api.w.org\/{rel}","templated":true}]}}