{"id":769016,"date":"2026-01-10T03:00:22","date_gmt":"2026-01-10T03:00:22","guid":{"rendered":""},"modified":"2026-01-10T03:00:22","modified_gmt":"2026-01-10T03:00:22","slug":"2-raamitoru-alu-cargo-dark-must-af148","status":"publish","type":"product","link":"https:\/\/tparts.ee\/et\/p\/2-raamitoru-alu-cargo-dark-must-af148\/","title":{"rendered":"2 raamitoru Alu Cargo Dark(must)  AF148"},"content":{"rendered":"<p><\/p>\n<p>925-092<\/p>\n<p>Alumiiniumist musta v\u00e4rvi tugevdatud kandetalad. 3 soonega profiil. Maksimaalne korrosioonikindlus. T\u00e4iustatud aerod\u00fcnaamiline kuju<\/p>","protected":false},"excerpt":{"rendered":"<p>S110-925092<\/p>\n","protected":false},"featured_media":769017,"template":"","meta":[],"product_cat":[55632,55725,55683],"product_tag":[],"_links":{"self":[{"href":"https:\/\/tparts.ee\/et\/wp-json\/wp\/v2\/product\/769016"}],"collection":[{"href":"https:\/\/tparts.ee\/et\/wp-json\/wp\/v2\/product"}],"about":[{"href":"https:\/\/tparts.ee\/et\/wp-json\/wp\/v2\/types\/product"}],"wp:featuredmedia":[{"embeddable":true,"href":"https:\/\/tparts.ee\/et\/wp-json\/wp\/v2\/media\/769017"}],"wp:attachment":[{"href":"https:\/\/tparts.ee\/et\/wp-json\/wp\/v2\/media?parent=769016"}],"wp:term":[{"taxonomy":"product_cat","embeddable":true,"href":"https:\/\/tparts.ee\/et\/wp-json\/wp\/v2\/product_cat?post=769016"},{"taxonomy":"product_tag","embeddable":true,"href":"https:\/\/tparts.ee\/et\/wp-json\/wp\/v2\/product_tag?post=769016"}],"curies":[{"name":"wp","href":"https:\/\/api.w.org\/{rel}","templated":true}]}}