{"id":768448,"date":"2026-04-17T03:00:09","date_gmt":"2026-04-17T03:00:09","guid":{"rendered":""},"modified":"2026-04-17T03:00:09","modified_gmt":"2026-04-17T03:00:09","slug":"5w40-quartz-9000-energy-1l","status":"publish","type":"product","link":"https:\/\/tparts.ee\/et\/p\/5w40-quartz-9000-energy-1l\/","title":{"rendered":"5W40 Quartz 9000 Energy 1L"},"content":{"rendered":"<p><\/p>\n<p>S\u00fcnteetiline mootori\u00f5li kaasaegsetele s\u00f5idu- ja pakiautode bensiini- ning diiselmootoritele. Eelisteks on suurep\u00e4rased k\u00fclmk\u00e4ivitusomadused<\/p>","protected":false},"excerpt":{"rendered":"<p>S181-TOT213765<\/p>\n","protected":false},"featured_media":768449,"template":"","meta":[],"product_cat":[55632,55692,55693],"product_tag":[],"_links":{"self":[{"href":"https:\/\/tparts.ee\/et\/wp-json\/wp\/v2\/product\/768448"}],"collection":[{"href":"https:\/\/tparts.ee\/et\/wp-json\/wp\/v2\/product"}],"about":[{"href":"https:\/\/tparts.ee\/et\/wp-json\/wp\/v2\/types\/product"}],"wp:featuredmedia":[{"embeddable":true,"href":"https:\/\/tparts.ee\/et\/wp-json\/wp\/v2\/media\/768449"}],"wp:attachment":[{"href":"https:\/\/tparts.ee\/et\/wp-json\/wp\/v2\/media?parent=768448"}],"wp:term":[{"taxonomy":"product_cat","embeddable":true,"href":"https:\/\/tparts.ee\/et\/wp-json\/wp\/v2\/product_cat?post=768448"},{"taxonomy":"product_tag","embeddable":true,"href":"https:\/\/tparts.ee\/et\/wp-json\/wp\/v2\/product_tag?post=768448"}],"curies":[{"name":"wp","href":"https:\/\/api.w.org\/{rel}","templated":true}]}}