{"id":768412,"date":"2026-02-11T03:00:09","date_gmt":"2026-02-11T03:00:09","guid":{"rendered":""},"modified":"2026-02-11T03:00:09","modified_gmt":"2026-02-11T03:00:09","slug":"laevatiigi-puidu-puhastaja-500ml","status":"publish","type":"product","link":"https:\/\/tparts.ee\/et\/p\/laevatiigi-puidu-puhastaja-500ml\/","title":{"rendered":"Laevatiigi &#038; puidu puhastaja 500ml"},"content":{"rendered":"<p><\/p>\n<p>Paatide v\u00e4litingimustes m\u00e4\u00e4rdunud v\u00f5i halliks muutunud puitpindade     p\u00f5hjalikuks puhastamiseks  .<\/p>\n<p>     Neutraalne l\u00f5hn<\/p>","protected":false},"excerpt":{"rendered":"<p>S107-053600<\/p>\n","protected":false},"featured_media":768413,"template":"","meta":[],"product_cat":[55632,55686,55779,56325],"product_tag":[],"_links":{"self":[{"href":"https:\/\/tparts.ee\/et\/wp-json\/wp\/v2\/product\/768412"}],"collection":[{"href":"https:\/\/tparts.ee\/et\/wp-json\/wp\/v2\/product"}],"about":[{"href":"https:\/\/tparts.ee\/et\/wp-json\/wp\/v2\/types\/product"}],"wp:featuredmedia":[{"embeddable":true,"href":"https:\/\/tparts.ee\/et\/wp-json\/wp\/v2\/media\/768413"}],"wp:attachment":[{"href":"https:\/\/tparts.ee\/et\/wp-json\/wp\/v2\/media?parent=768412"}],"wp:term":[{"taxonomy":"product_cat","embeddable":true,"href":"https:\/\/tparts.ee\/et\/wp-json\/wp\/v2\/product_cat?post=768412"},{"taxonomy":"product_tag","embeddable":true,"href":"https:\/\/tparts.ee\/et\/wp-json\/wp\/v2\/product_tag?post=768412"}],"curies":[{"name":"wp","href":"https:\/\/api.w.org\/{rel}","templated":true}]}}