{"id":768402,"date":"2026-04-15T03:00:11","date_gmt":"2026-04-15T03:00:11","guid":{"rendered":""},"modified":"2026-04-15T03:00:11","modified_gmt":"2026-04-15T03:00:11","slug":"baseus-micro-usb-laadimisjuhe-100cm","status":"publish","type":"product","link":"https:\/\/tparts.ee\/et\/p\/baseus-micro-usb-laadimisjuhe-100cm\/","title":{"rendered":"Baseus Micro USB laadimisjuhe 100cm"},"content":{"rendered":"<p><\/p>\n<p>V\u00e4ga vastupidav USB-kaabel koos mikro-USB ostikuga v\u00f5imaldab andmete t\u00e4ielikku s\u00fcnkroonimist ja seadme aku laadimist.<\/p>\n<p>See on valmistatud kahekordsest punutisest &#8211; silikoonist ja nailonist ning sellel on tugevdatud pistikud pistikute ja kaabli vahel.<\/p>\n<p>USB- ja Micro-USB-klemmid on valmistatud alumiiniumist<\/p>","protected":false},"excerpt":{"rendered":"<p>S104-280335<\/p>\n","protected":false},"featured_media":768403,"template":"","meta":[],"product_cat":[55632,55680,55633],"product_tag":[],"_links":{"self":[{"href":"https:\/\/tparts.ee\/et\/wp-json\/wp\/v2\/product\/768402"}],"collection":[{"href":"https:\/\/tparts.ee\/et\/wp-json\/wp\/v2\/product"}],"about":[{"href":"https:\/\/tparts.ee\/et\/wp-json\/wp\/v2\/types\/product"}],"wp:featuredmedia":[{"embeddable":true,"href":"https:\/\/tparts.ee\/et\/wp-json\/wp\/v2\/media\/768403"}],"wp:attachment":[{"href":"https:\/\/tparts.ee\/et\/wp-json\/wp\/v2\/media?parent=768402"}],"wp:term":[{"taxonomy":"product_cat","embeddable":true,"href":"https:\/\/tparts.ee\/et\/wp-json\/wp\/v2\/product_cat?post=768402"},{"taxonomy":"product_tag","embeddable":true,"href":"https:\/\/tparts.ee\/et\/wp-json\/wp\/v2\/product_tag?post=768402"}],"curies":[{"name":"wp","href":"https:\/\/api.w.org\/{rel}","templated":true}]}}