{"id":768192,"date":"2026-04-11T03:00:09","date_gmt":"2026-04-11T03:00:09","guid":{"rendered":""},"modified":"2026-04-11T03:00:09","modified_gmt":"2026-04-11T03:00:09","slug":"total-5w30-quartz-ineo-ll-5l-504-507","status":"publish","type":"product","link":"https:\/\/tparts.ee\/et\/p\/total-5w30-quartz-ineo-ll-5l-504-507\/","title":{"rendered":"Total 5W30 Quartz Ineo LL 5L 504\/507"},"content":{"rendered":"<p><\/p>\n<p>Uue p\u00f5lvkonna \u201eLow SAPS\u201cs\u00fcnteetiline mootori\u00f5li s\u00f5idu- ja pakiautode bensiini-<\/p>","protected":false},"excerpt":{"rendered":"<p>S181-TOT213819<\/p>\n","protected":false},"featured_media":768193,"template":"","meta":[],"product_cat":[55632,55692,55693],"product_tag":[],"_links":{"self":[{"href":"https:\/\/tparts.ee\/et\/wp-json\/wp\/v2\/product\/768192"}],"collection":[{"href":"https:\/\/tparts.ee\/et\/wp-json\/wp\/v2\/product"}],"about":[{"href":"https:\/\/tparts.ee\/et\/wp-json\/wp\/v2\/types\/product"}],"wp:featuredmedia":[{"embeddable":true,"href":"https:\/\/tparts.ee\/et\/wp-json\/wp\/v2\/media\/768193"}],"wp:attachment":[{"href":"https:\/\/tparts.ee\/et\/wp-json\/wp\/v2\/media?parent=768192"}],"wp:term":[{"taxonomy":"product_cat","embeddable":true,"href":"https:\/\/tparts.ee\/et\/wp-json\/wp\/v2\/product_cat?post=768192"},{"taxonomy":"product_tag","embeddable":true,"href":"https:\/\/tparts.ee\/et\/wp-json\/wp\/v2\/product_tag?post=768192"}],"curies":[{"name":"wp","href":"https:\/\/api.w.org\/{rel}","templated":true}]}}