{"id":768180,"date":"2026-04-15T03:00:11","date_gmt":"2026-04-15T03:00:11","guid":{"rendered":""},"modified":"2026-04-15T03:00:11","modified_gmt":"2026-04-15T03:00:11","slug":"total-5w40-quartz9000-1l-213764","status":"publish","type":"product","link":"https:\/\/tparts.ee\/et\/p\/total-5w40-quartz9000-1l-213764\/","title":{"rendered":"Total 5W40 Quartz9000 1L 213764"},"content":{"rendered":"<p><\/p>\n<p>S\u00fcnteetiline mootori\u00f5li kaasaegsetele s\u00f5idu- ja pakiautode bensiini- ning diiselmootoritele. Eelisteks on suurep\u00e4rased k\u00fclmk\u00e4ivitusomadused<\/p>","protected":false},"excerpt":{"rendered":"<p>S181-TOT166243<\/p>\n","protected":false},"featured_media":768181,"template":"","meta":[],"product_cat":[55632,55692,55693],"product_tag":[],"_links":{"self":[{"href":"https:\/\/tparts.ee\/et\/wp-json\/wp\/v2\/product\/768180"}],"collection":[{"href":"https:\/\/tparts.ee\/et\/wp-json\/wp\/v2\/product"}],"about":[{"href":"https:\/\/tparts.ee\/et\/wp-json\/wp\/v2\/types\/product"}],"wp:featuredmedia":[{"embeddable":true,"href":"https:\/\/tparts.ee\/et\/wp-json\/wp\/v2\/media\/768181"}],"wp:attachment":[{"href":"https:\/\/tparts.ee\/et\/wp-json\/wp\/v2\/media?parent=768180"}],"wp:term":[{"taxonomy":"product_cat","embeddable":true,"href":"https:\/\/tparts.ee\/et\/wp-json\/wp\/v2\/product_cat?post=768180"},{"taxonomy":"product_tag","embeddable":true,"href":"https:\/\/tparts.ee\/et\/wp-json\/wp\/v2\/product_tag?post=768180"}],"curies":[{"name":"wp","href":"https:\/\/api.w.org\/{rel}","templated":true}]}}