{"id":768144,"date":"2026-03-20T03:00:09","date_gmt":"2026-03-20T03:00:09","guid":{"rendered":""},"modified":"2026-03-20T03:00:09","modified_gmt":"2026-03-20T03:00:09","slug":"exide-efb-105ah-950a-392x175x190","status":"publish","type":"product","link":"https:\/\/tparts.ee\/et\/p\/exide-efb-105ah-950a-392x175x190\/","title":{"rendered":"Exide EFB 105Ah 950A 392x175x190-+"},"content":{"rendered":"<p><\/p>\n<p>Mahutavus: 105Ah <\/p>\n<p>K\u00e4ivitusvool: 950A <\/p>\n<p>Pikkus: 392mm <\/p>\n<p>Laius: 175mm<\/p>\n<p>K\u00f5rgus: 190mm<\/p>\n<ul>\n<li>V\u00e4ga hea vastuv\u00f5tlikus laadimisele terve kasutusea v\u00e4ltel <\/li>\n<li>3 korda k\u00f5rgem k\u00e4ivitus- ja laadimists\u00fcklite taluvus <\/li>\n<li>Ideaalne Start-Stop k\u00fctuse s\u00e4\u00e4stmise funktsiooniga autodele <\/li>\n<li>Tipptasemel turvalisus <\/li>\n<li>Sobib paigaldamiseks mootoriruumi <\/li>\n<li>Heaks kiidetud autotootjate poolt &#8211; vastab kvaliteedilt ja tehnoloogialt  originaalvaruosa n\u00f5uetele <\/li>\n<li>Madal iset\u00fchjenemine &#8211; pikk ladustamisaeg <\/li>\n<li>Esmakordselt Exide poolt 2008. aastal turule toodud EFB akud m\u00e4ngivad  t\u00e4na autotootjate jaoks olulist rolli autode k\u00fctusekulu ja heitkoguse  v\u00e4hendamisel. <\/li>\n<\/ul>\n<p><\/p>\n<p>Exide uusima p\u00f5lvkonna Carbon Boost 2.0 EFB aku<\/p>","protected":false},"excerpt":{"rendered":"<p>S106-EL1050<\/p>\n","protected":false},"featured_media":768145,"template":"","meta":[],"product_cat":[56007,55649,55632],"product_tag":[],"_links":{"self":[{"href":"https:\/\/tparts.ee\/et\/wp-json\/wp\/v2\/product\/768144"}],"collection":[{"href":"https:\/\/tparts.ee\/et\/wp-json\/wp\/v2\/product"}],"about":[{"href":"https:\/\/tparts.ee\/et\/wp-json\/wp\/v2\/types\/product"}],"wp:featuredmedia":[{"embeddable":true,"href":"https:\/\/tparts.ee\/et\/wp-json\/wp\/v2\/media\/768145"}],"wp:attachment":[{"href":"https:\/\/tparts.ee\/et\/wp-json\/wp\/v2\/media?parent=768144"}],"wp:term":[{"taxonomy":"product_cat","embeddable":true,"href":"https:\/\/tparts.ee\/et\/wp-json\/wp\/v2\/product_cat?post=768144"},{"taxonomy":"product_tag","embeddable":true,"href":"https:\/\/tparts.ee\/et\/wp-json\/wp\/v2\/product_tag?post=768144"}],"curies":[{"name":"wp","href":"https:\/\/api.w.org\/{rel}","templated":true}]}}