{"id":768108,"date":"2026-04-15T03:00:11","date_gmt":"2026-04-15T03:00:11","guid":{"rendered":""},"modified":"2026-04-15T03:00:11","modified_gmt":"2026-04-15T03:00:11","slug":"0w30-vw-originaal-mootorioli5l-504-507","status":"publish","type":"product","link":"https:\/\/tparts.ee\/et\/p\/0w30-vw-originaal-mootorioli5l-504-507\/","title":{"rendered":"0W30 VW originaal mootori\u00f5li5L 504\/507"},"content":{"rendered":"<p><\/p>\n<p>V\u00e4ljat\u00f6\u00f6tatud kasutamiseks s\u00f5idu- ja pakiautode bensiini- ning diiselmootorites<\/p>","protected":false},"excerpt":{"rendered":"<p>GS55545M4<\/p>\n","protected":false},"featured_media":768109,"template":"","meta":[],"product_cat":[55632,55692,55693],"product_tag":[],"_links":{"self":[{"href":"https:\/\/tparts.ee\/et\/wp-json\/wp\/v2\/product\/768108"}],"collection":[{"href":"https:\/\/tparts.ee\/et\/wp-json\/wp\/v2\/product"}],"about":[{"href":"https:\/\/tparts.ee\/et\/wp-json\/wp\/v2\/types\/product"}],"wp:featuredmedia":[{"embeddable":true,"href":"https:\/\/tparts.ee\/et\/wp-json\/wp\/v2\/media\/768109"}],"wp:attachment":[{"href":"https:\/\/tparts.ee\/et\/wp-json\/wp\/v2\/media?parent=768108"}],"wp:term":[{"taxonomy":"product_cat","embeddable":true,"href":"https:\/\/tparts.ee\/et\/wp-json\/wp\/v2\/product_cat?post=768108"},{"taxonomy":"product_tag","embeddable":true,"href":"https:\/\/tparts.ee\/et\/wp-json\/wp\/v2\/product_tag?post=768108"}],"curies":[{"name":"wp","href":"https:\/\/api.w.org\/{rel}","templated":true}]}}