{"id":767114,"date":"2026-01-10T03:00:20","date_gmt":"2026-01-10T03:00:20","guid":{"rendered":""},"modified":"2026-01-10T03:00:20","modified_gmt":"2026-01-10T03:00:20","slug":"tootuli-suvistatav-20w","status":"publish","type":"product","link":"https:\/\/tparts.ee\/et\/p\/tootuli-suvistatav-20w\/","title":{"rendered":"T\u00f6\u00f6tuli s\u00fcvistatav 20W"},"content":{"rendered":"<p> 10-32V<\/p>","protected":false},"excerpt":{"rendered":"<p>S103-WL041<\/p>\n","protected":false},"featured_media":767115,"template":"","meta":[],"product_cat":[55699,55623,55622],"product_tag":[],"_links":{"self":[{"href":"https:\/\/tparts.ee\/et\/wp-json\/wp\/v2\/product\/767114"}],"collection":[{"href":"https:\/\/tparts.ee\/et\/wp-json\/wp\/v2\/product"}],"about":[{"href":"https:\/\/tparts.ee\/et\/wp-json\/wp\/v2\/types\/product"}],"wp:featuredmedia":[{"embeddable":true,"href":"https:\/\/tparts.ee\/et\/wp-json\/wp\/v2\/media\/767115"}],"wp:attachment":[{"href":"https:\/\/tparts.ee\/et\/wp-json\/wp\/v2\/media?parent=767114"}],"wp:term":[{"taxonomy":"product_cat","embeddable":true,"href":"https:\/\/tparts.ee\/et\/wp-json\/wp\/v2\/product_cat?post=767114"},{"taxonomy":"product_tag","embeddable":true,"href":"https:\/\/tparts.ee\/et\/wp-json\/wp\/v2\/product_tag?post=767114"}],"curies":[{"name":"wp","href":"https:\/\/api.w.org\/{rel}","templated":true}]}}