{"id":766828,"date":"2026-01-10T03:00:19","date_gmt":"2026-01-10T03:00:19","guid":{"rendered":""},"modified":"2026-01-10T03:00:19","modified_gmt":"2026-01-10T03:00:19","slug":"ootshoob-ulemine-atv175-19","status":"publish","type":"product","link":"https:\/\/tparts.ee\/et\/p\/ootshoob-ulemine-atv175-19\/","title":{"rendered":"\u00d5\u00f5tshoob \u00fclemine ATV175 19-"},"content":{"rendered":"","protected":false},"excerpt":{"rendered":"<p>S137-A606505<\/p>\n","protected":false},"featured_media":766829,"template":"","meta":[],"product_cat":[56800,56801,55704],"product_tag":[],"_links":{"self":[{"href":"https:\/\/tparts.ee\/et\/wp-json\/wp\/v2\/product\/766828"}],"collection":[{"href":"https:\/\/tparts.ee\/et\/wp-json\/wp\/v2\/product"}],"about":[{"href":"https:\/\/tparts.ee\/et\/wp-json\/wp\/v2\/types\/product"}],"wp:featuredmedia":[{"embeddable":true,"href":"https:\/\/tparts.ee\/et\/wp-json\/wp\/v2\/media\/766829"}],"wp:attachment":[{"href":"https:\/\/tparts.ee\/et\/wp-json\/wp\/v2\/media?parent=766828"}],"wp:term":[{"taxonomy":"product_cat","embeddable":true,"href":"https:\/\/tparts.ee\/et\/wp-json\/wp\/v2\/product_cat?post=766828"},{"taxonomy":"product_tag","embeddable":true,"href":"https:\/\/tparts.ee\/et\/wp-json\/wp\/v2\/product_tag?post=766828"}],"curies":[{"name":"wp","href":"https:\/\/api.w.org\/{rel}","templated":true}]}}