{"id":766768,"date":"2026-04-16T03:00:09","date_gmt":"2026-04-16T03:00:09","guid":{"rendered":""},"modified":"2026-04-16T03:00:09","modified_gmt":"2026-04-16T03:00:09","slug":"uduvastane-kuivatuspadi-triplewax","status":"publish","type":"product","link":"https:\/\/tparts.ee\/et\/p\/uduvastane-kuivatuspadi-triplewax\/","title":{"rendered":"Uduvastane kuivatuspadi Triplewax"},"content":{"rendered":"<p><\/p>\n<p>Uduvastane kuivatuspadi on v\u00e4ga imav ja m\u00f5eldud vee ja udu eemaldamiseks  klaasidelt ja n\u00e4htavuse taastamiseks. Valmistatud s\u00fcnteetilistest  materjalidest.&nbsp;<\/p>\n<ul>\n<li>V\u00e4ga pehme ja h\u00e4sti imav <\/li>\n<li>Aitab parandada s\u00f5iduohutust <\/li>\n<li>Kvaliteetsed s\u00fcnteetilised materjalid<\/li>\n<\/ul>\n<p><\/p>","protected":false},"excerpt":{"rendered":"<p>S112-CTA008<\/p>\n","protected":false},"featured_media":766769,"template":"","meta":[],"product_cat":[55701,55632,55786],"product_tag":[],"_links":{"self":[{"href":"https:\/\/tparts.ee\/et\/wp-json\/wp\/v2\/product\/766768"}],"collection":[{"href":"https:\/\/tparts.ee\/et\/wp-json\/wp\/v2\/product"}],"about":[{"href":"https:\/\/tparts.ee\/et\/wp-json\/wp\/v2\/types\/product"}],"wp:featuredmedia":[{"embeddable":true,"href":"https:\/\/tparts.ee\/et\/wp-json\/wp\/v2\/media\/766769"}],"wp:attachment":[{"href":"https:\/\/tparts.ee\/et\/wp-json\/wp\/v2\/media?parent=766768"}],"wp:term":[{"taxonomy":"product_cat","embeddable":true,"href":"https:\/\/tparts.ee\/et\/wp-json\/wp\/v2\/product_cat?post=766768"},{"taxonomy":"product_tag","embeddable":true,"href":"https:\/\/tparts.ee\/et\/wp-json\/wp\/v2\/product_tag?post=766768"}],"curies":[{"name":"wp","href":"https:\/\/api.w.org\/{rel}","templated":true}]}}