{"id":766622,"date":"2026-04-17T03:00:08","date_gmt":"2026-04-17T03:00:08","guid":{"rendered":""},"modified":"2026-04-17T03:00:08","modified_gmt":"2026-04-17T03:00:08","slug":"wd40-universaalmaare-200ml","status":"publish","type":"product","link":"https:\/\/tparts.ee\/et\/p\/wd40-universaalmaare-200ml\/","title":{"rendered":"WD40 Universaalm\u00e4\u00e4re 200ml"},"content":{"rendered":"<p><\/p>\n<p>WD-40 m\u00e4\u00e4rde 5 p\u00f5hilist otstarvet:<\/p>\n<ul><\/p>\n<li>t\u00f5rjub vett ja moodustab niiskusevastase kaitsekihi.&nbsp;<\/li>\n<p><\/p>\n<li>kaitseb metallpindu roostetamise eest ka k\u00f5ige raskemates oludes.&nbsp;<\/li>\n<p><\/p>\n<li>on universaalne m\u00e4\u00e4rdeaine. Sellega t\u00f6\u00f6deldud pind ei kogu mustust.&nbsp;<\/li>\n<p><\/p>\n<li>vabastab kinnikiilunud ja -roostetanud detailid ja mehhanismid.&nbsp;<\/li>\n<p><\/p>\n<li>eemaldab vaevata m\u00e4\u00e4rde-<br \/>","protected":false},"excerpt":{"rendered":"<p>WD200<\/p>\n","protected":false},"featured_media":766623,"template":"","meta":[],"product_cat":[55632,55686,55687,56002],"product_tag":[],"_links":{"self":[{"href":"https:\/\/tparts.ee\/et\/wp-json\/wp\/v2\/product\/766622"}],"collection":[{"href":"https:\/\/tparts.ee\/et\/wp-json\/wp\/v2\/product"}],"about":[{"href":"https:\/\/tparts.ee\/et\/wp-json\/wp\/v2\/types\/product"}],"wp:featuredmedia":[{"embeddable":true,"href":"https:\/\/tparts.ee\/et\/wp-json\/wp\/v2\/media\/766623"}],"wp:attachment":[{"href":"https:\/\/tparts.ee\/et\/wp-json\/wp\/v2\/media?parent=766622"}],"wp:term":[{"taxonomy":"product_cat","embeddable":true,"href":"https:\/\/tparts.ee\/et\/wp-json\/wp\/v2\/product_cat?post=766622"},{"taxonomy":"product_tag","embeddable":true,"href":"https:\/\/tparts.ee\/et\/wp-json\/wp\/v2\/product_tag?post=766622"}],"curies":[{"name":"wp","href":"https:\/\/api.w.org\/{rel}","templated":true}]}}