{"id":765396,"date":"2026-03-17T03:00:09","date_gmt":"2026-03-17T03:00:09","guid":{"rendered":""},"modified":"2026-03-17T03:00:09","modified_gmt":"2026-03-17T03:00:09","slug":"jahutusvedeliku-tester","status":"publish","type":"product","link":"https:\/\/tparts.ee\/et\/p\/jahutusvedeliku-tester\/","title":{"rendered":"Jahutusvedeliku tester"},"content":{"rendered":"<p><\/p>\n<p>Aitab v\u00e4ltida jahtusvedeliku j\u00e4\u00e4tumist k\u00fclmade saabudes.&nbsp;V\u00f5imalik kasutada k\u00fclma ja sooja mootoriga.&nbsp;Et\u00fcleengl\u00fckool jahutusvedelikele.&nbsp;Plastikust \u00fcmbris koos kummivoolikuga.<\/p>\n<p><\/p>","protected":false},"excerpt":{"rendered":"<p>S183-77105<\/p>\n","protected":false},"featured_media":765397,"template":"","meta":[],"product_cat":[55906,55623,55622],"product_tag":[],"_links":{"self":[{"href":"https:\/\/tparts.ee\/et\/wp-json\/wp\/v2\/product\/765396"}],"collection":[{"href":"https:\/\/tparts.ee\/et\/wp-json\/wp\/v2\/product"}],"about":[{"href":"https:\/\/tparts.ee\/et\/wp-json\/wp\/v2\/types\/product"}],"wp:featuredmedia":[{"embeddable":true,"href":"https:\/\/tparts.ee\/et\/wp-json\/wp\/v2\/media\/765397"}],"wp:attachment":[{"href":"https:\/\/tparts.ee\/et\/wp-json\/wp\/v2\/media?parent=765396"}],"wp:term":[{"taxonomy":"product_cat","embeddable":true,"href":"https:\/\/tparts.ee\/et\/wp-json\/wp\/v2\/product_cat?post=765396"},{"taxonomy":"product_tag","embeddable":true,"href":"https:\/\/tparts.ee\/et\/wp-json\/wp\/v2\/product_tag?post=765396"}],"curies":[{"name":"wp","href":"https:\/\/api.w.org\/{rel}","templated":true}]}}