{"id":765324,"date":"2026-01-10T03:00:17","date_gmt":"2026-01-10T03:00:17","guid":{"rendered":""},"modified":"2026-01-10T03:00:17","modified_gmt":"2026-01-10T03:00:17","slug":"adblue-lehter","status":"publish","type":"product","link":"https:\/\/tparts.ee\/et\/p\/adblue-lehter\/","title":{"rendered":"AdBlue lehter"},"content":{"rendered":"<p><\/p>\n<p>M\u00f5eldud otse AdBlue&#8217;i paagi t\u00e4iteavale paigaldamiseks.<\/p>\n<p>     Nurga all kael v\u00f5imaldab ligip\u00e4\u00e4su t\u00e4iteavadele mis on nurga all     (k\u00fctusepaagi-<\/p>","protected":false},"excerpt":{"rendered":"<p>S183-6865<\/p>\n","protected":false},"featured_media":765325,"template":"","meta":[],"product_cat":[56374,55632,55686,55782],"product_tag":[],"_links":{"self":[{"href":"https:\/\/tparts.ee\/et\/wp-json\/wp\/v2\/product\/765324"}],"collection":[{"href":"https:\/\/tparts.ee\/et\/wp-json\/wp\/v2\/product"}],"about":[{"href":"https:\/\/tparts.ee\/et\/wp-json\/wp\/v2\/types\/product"}],"wp:featuredmedia":[{"embeddable":true,"href":"https:\/\/tparts.ee\/et\/wp-json\/wp\/v2\/media\/765325"}],"wp:attachment":[{"href":"https:\/\/tparts.ee\/et\/wp-json\/wp\/v2\/media?parent=765324"}],"wp:term":[{"taxonomy":"product_cat","embeddable":true,"href":"https:\/\/tparts.ee\/et\/wp-json\/wp\/v2\/product_cat?post=765324"},{"taxonomy":"product_tag","embeddable":true,"href":"https:\/\/tparts.ee\/et\/wp-json\/wp\/v2\/product_tag?post=765324"}],"curies":[{"name":"wp","href":"https:\/\/api.w.org\/{rel}","templated":true}]}}