{"id":765268,"date":"2026-01-10T03:00:17","date_gmt":"2026-01-10T03:00:17","guid":{"rendered":""},"modified":"2026-01-10T03:00:17","modified_gmt":"2026-01-10T03:00:17","slug":"psg-eelsuutekuunla-padrunid-18osa","status":"publish","type":"product","link":"https:\/\/tparts.ee\/et\/p\/psg-eelsuutekuunla-padrunid-18osa\/","title":{"rendered":"PSG eels\u00fc\u00fctek\u00fc\u00fcnla padrunid 18osa"},"content":{"rendered":"<p><\/p>\n<p>Komplektis on 3 soonega padrunit h&otilde;&otilde;gk&uuml;&uuml;nalde jaoks<\/p>","protected":false},"excerpt":{"rendered":"<p>S183-6424<\/p>\n","protected":false},"featured_media":765269,"template":"","meta":[],"product_cat":[55667,55700,55622],"product_tag":[],"_links":{"self":[{"href":"https:\/\/tparts.ee\/et\/wp-json\/wp\/v2\/product\/765268"}],"collection":[{"href":"https:\/\/tparts.ee\/et\/wp-json\/wp\/v2\/product"}],"about":[{"href":"https:\/\/tparts.ee\/et\/wp-json\/wp\/v2\/types\/product"}],"wp:featuredmedia":[{"embeddable":true,"href":"https:\/\/tparts.ee\/et\/wp-json\/wp\/v2\/media\/765269"}],"wp:attachment":[{"href":"https:\/\/tparts.ee\/et\/wp-json\/wp\/v2\/media?parent=765268"}],"wp:term":[{"taxonomy":"product_cat","embeddable":true,"href":"https:\/\/tparts.ee\/et\/wp-json\/wp\/v2\/product_cat?post=765268"},{"taxonomy":"product_tag","embeddable":true,"href":"https:\/\/tparts.ee\/et\/wp-json\/wp\/v2\/product_tag?post=765268"}],"curies":[{"name":"wp","href":"https:\/\/api.w.org\/{rel}","templated":true}]}}