{"id":765232,"date":"2026-04-17T03:00:08","date_gmt":"2026-04-17T03:00:08","guid":{"rendered":""},"modified":"2026-04-17T03:00:08","modified_gmt":"2026-04-17T03:00:08","slug":"suruohuhaamer-2200-looki-min-98mm-kaik","status":"publish","type":"product","link":"https:\/\/tparts.ee\/et\/p\/suruohuhaamer-2200-looki-min-98mm-kaik\/","title":{"rendered":"Suru\u00f5huhaamer 2200 l\u00f6\u00f6ki\/min 98mm k\u00e4ik"},"content":{"rendered":"<p><\/p>\n<p>Professionaalse kvaliteediga &otilde;huhaamer millel on reguleeritava kiirusega p&auml;&auml;stik<\/p>","protected":false},"excerpt":{"rendered":"<p>S183-6031<\/p>\n","protected":false},"featured_media":765233,"template":"","meta":[],"product_cat":[55667,55975,55622],"product_tag":[],"_links":{"self":[{"href":"https:\/\/tparts.ee\/et\/wp-json\/wp\/v2\/product\/765232"}],"collection":[{"href":"https:\/\/tparts.ee\/et\/wp-json\/wp\/v2\/product"}],"about":[{"href":"https:\/\/tparts.ee\/et\/wp-json\/wp\/v2\/types\/product"}],"wp:featuredmedia":[{"embeddable":true,"href":"https:\/\/tparts.ee\/et\/wp-json\/wp\/v2\/media\/765233"}],"wp:attachment":[{"href":"https:\/\/tparts.ee\/et\/wp-json\/wp\/v2\/media?parent=765232"}],"wp:term":[{"taxonomy":"product_cat","embeddable":true,"href":"https:\/\/tparts.ee\/et\/wp-json\/wp\/v2\/product_cat?post=765232"},{"taxonomy":"product_tag","embeddable":true,"href":"https:\/\/tparts.ee\/et\/wp-json\/wp\/v2\/product_tag?post=765232"}],"curies":[{"name":"wp","href":"https:\/\/api.w.org\/{rel}","templated":true}]}}