{"id":765062,"date":"2026-01-10T03:00:17","date_gmt":"2026-01-10T03:00:17","guid":{"rendered":""},"modified":"2026-01-10T03:00:17","modified_gmt":"2026-01-10T03:00:17","slug":"rehvirohu-sugavuse-naidik","status":"publish","type":"product","link":"https:\/\/tparts.ee\/et\/p\/rehvirohu-sugavuse-naidik\/","title":{"rendered":"Rehvir\u00f5hu+s\u00fcgavuse n\u00e4idik"},"content":{"rendered":"<p><\/p>\n<p>Rehvimanomeeter digitaalse n&auml;iduga<\/p>\n<p><\/p>\n<div>Lisaks k&uuml;ljes rehvimustri s&uuml;gavuse m&otilde;&otilde;tja.<\/div>\n<p><\/p>\n<div>Manomeeter kuvab r&otilde;hku PSI<\/p>","protected":false},"excerpt":{"rendered":"<p>S183-4886<\/p>\n","protected":false},"featured_media":765063,"template":"","meta":[],"product_cat":[55632,55645,56024],"product_tag":[],"_links":{"self":[{"href":"https:\/\/tparts.ee\/et\/wp-json\/wp\/v2\/product\/765062"}],"collection":[{"href":"https:\/\/tparts.ee\/et\/wp-json\/wp\/v2\/product"}],"about":[{"href":"https:\/\/tparts.ee\/et\/wp-json\/wp\/v2\/types\/product"}],"wp:featuredmedia":[{"embeddable":true,"href":"https:\/\/tparts.ee\/et\/wp-json\/wp\/v2\/media\/765063"}],"wp:attachment":[{"href":"https:\/\/tparts.ee\/et\/wp-json\/wp\/v2\/media?parent=765062"}],"wp:term":[{"taxonomy":"product_cat","embeddable":true,"href":"https:\/\/tparts.ee\/et\/wp-json\/wp\/v2\/product_cat?post=765062"},{"taxonomy":"product_tag","embeddable":true,"href":"https:\/\/tparts.ee\/et\/wp-json\/wp\/v2\/product_tag?post=765062"}],"curies":[{"name":"wp","href":"https:\/\/api.w.org\/{rel}","templated":true}]}}