{"id":764860,"date":"2026-03-10T03:00:09","date_gmt":"2026-03-10T03:00:09","guid":{"rendered":""},"modified":"2026-03-10T03:00:09","modified_gmt":"2026-03-10T03:00:09","slug":"kojamehevarre-tommits-peenike","status":"publish","type":"product","link":"https:\/\/tparts.ee\/et\/p\/kojamehevarre-tommits-peenike\/","title":{"rendered":"Kojamehevarre t\u00f5mmits-peenike"},"content":{"rendered":"<p><\/p>\n<p>Kinnij\u00e4\u00e4nud klaasipuhastite eemaldamiseks.&nbsp;T\u00e4nu v\u00e4ikestele m\u00f5\u00f5tudele mahub h\u00e4sti vahele.&nbsp;S\u00e4\u00e4stab t\u00f6\u00f6aega.&nbsp;<\/p>\n<p><\/p>","protected":false},"excerpt":{"rendered":"<p>S183-3173<\/p>\n","protected":false},"featured_media":764861,"template":"","meta":[],"product_cat":[55667,56373,55622],"product_tag":[],"_links":{"self":[{"href":"https:\/\/tparts.ee\/et\/wp-json\/wp\/v2\/product\/764860"}],"collection":[{"href":"https:\/\/tparts.ee\/et\/wp-json\/wp\/v2\/product"}],"about":[{"href":"https:\/\/tparts.ee\/et\/wp-json\/wp\/v2\/types\/product"}],"wp:featuredmedia":[{"embeddable":true,"href":"https:\/\/tparts.ee\/et\/wp-json\/wp\/v2\/media\/764861"}],"wp:attachment":[{"href":"https:\/\/tparts.ee\/et\/wp-json\/wp\/v2\/media?parent=764860"}],"wp:term":[{"taxonomy":"product_cat","embeddable":true,"href":"https:\/\/tparts.ee\/et\/wp-json\/wp\/v2\/product_cat?post=764860"},{"taxonomy":"product_tag","embeddable":true,"href":"https:\/\/tparts.ee\/et\/wp-json\/wp\/v2\/product_tag?post=764860"}],"curies":[{"name":"wp","href":"https:\/\/api.w.org\/{rel}","templated":true}]}}