{"id":764634,"date":"2026-04-18T03:00:10","date_gmt":"2026-04-18T03:00:10","guid":{"rendered":""},"modified":"2026-04-18T03:00:10","modified_gmt":"2026-04-18T03:00:10","slug":"diiselkutuse-maarimislisand-liqui-moly-150ml","status":"publish","type":"product","link":"https:\/\/tparts.ee\/et\/p\/diiselkutuse-maarimislisand-liqui-moly-150ml\/","title":{"rendered":"Diiselk\u00fctuse m\u00e4\u00e4rimislisand Liqui Moly 150ml"},"content":{"rendered":"<p><\/p>\n<p>Liqui Moly k&uuml;tuselisandite kasulikud omadused <a href=https:\/\/failid.automaailm.ee\/camp\/K%C3%BCtuselisandimaatriks.pdf target=_blank rel=noopener>vaata siit<\/a><\/p>\n<p><\/p>\n<p>&nbsp;<\/p>\n<p><\/p>\n<p><img src=data:image\/png;base64<\/p>","protected":false},"excerpt":{"rendered":"<p>S181-LI5122<\/p>\n","protected":false},"featured_media":764635,"template":"","meta":[],"product_cat":[55632,55686,56005,55863],"product_tag":[],"_links":{"self":[{"href":"https:\/\/tparts.ee\/et\/wp-json\/wp\/v2\/product\/764634"}],"collection":[{"href":"https:\/\/tparts.ee\/et\/wp-json\/wp\/v2\/product"}],"about":[{"href":"https:\/\/tparts.ee\/et\/wp-json\/wp\/v2\/types\/product"}],"wp:featuredmedia":[{"embeddable":true,"href":"https:\/\/tparts.ee\/et\/wp-json\/wp\/v2\/media\/764635"}],"wp:attachment":[{"href":"https:\/\/tparts.ee\/et\/wp-json\/wp\/v2\/media?parent=764634"}],"wp:term":[{"taxonomy":"product_cat","embeddable":true,"href":"https:\/\/tparts.ee\/et\/wp-json\/wp\/v2\/product_cat?post=764634"},{"taxonomy":"product_tag","embeddable":true,"href":"https:\/\/tparts.ee\/et\/wp-json\/wp\/v2\/product_tag?post=764634"}],"curies":[{"name":"wp","href":"https:\/\/api.w.org\/{rel}","templated":true}]}}