{"id":764582,"date":"2026-04-11T03:00:08","date_gmt":"2026-04-11T03:00:08","guid":{"rendered":""},"modified":"2026-04-11T03:00:08","modified_gmt":"2026-04-11T03:00:08","slug":"pihusti1","status":"publish","type":"product","link":"https:\/\/tparts.ee\/et\/p\/pihusti1\/","title":{"rendered":"Pihusti"},"content":{"rendered":"<p> eels\u00fc\u00fctek\u00fc\u00fcnla m\u00e4\u00e4re Liqui Moly 20g<\/p>","protected":false},"excerpt":{"rendered":"<p>S181-LI3381<\/p>\n","protected":false},"featured_media":764583,"template":"","meta":[],"product_cat":[55632,55686,55688,55687],"product_tag":[],"_links":{"self":[{"href":"https:\/\/tparts.ee\/et\/wp-json\/wp\/v2\/product\/764582"}],"collection":[{"href":"https:\/\/tparts.ee\/et\/wp-json\/wp\/v2\/product"}],"about":[{"href":"https:\/\/tparts.ee\/et\/wp-json\/wp\/v2\/types\/product"}],"wp:featuredmedia":[{"embeddable":true,"href":"https:\/\/tparts.ee\/et\/wp-json\/wp\/v2\/media\/764583"}],"wp:attachment":[{"href":"https:\/\/tparts.ee\/et\/wp-json\/wp\/v2\/media?parent=764582"}],"wp:term":[{"taxonomy":"product_cat","embeddable":true,"href":"https:\/\/tparts.ee\/et\/wp-json\/wp\/v2\/product_cat?post=764582"},{"taxonomy":"product_tag","embeddable":true,"href":"https:\/\/tparts.ee\/et\/wp-json\/wp\/v2\/product_tag?post=764582"}],"curies":[{"name":"wp","href":"https:\/\/api.w.org\/{rel}","templated":true}]}}