{"id":764106,"date":"2026-01-10T03:00:16","date_gmt":"2026-01-10T03:00:16","guid":{"rendered":""},"modified":"2026-01-10T03:00:16","modified_gmt":"2026-01-10T03:00:16","slug":"9-lukustatvad-napitstangid","status":"publish","type":"product","link":"https:\/\/tparts.ee\/et\/p\/9-lukustatvad-napitstangid\/","title":{"rendered":"9 lukustatvad n\u00e4pitstangid"},"content":{"rendered":"<p><\/p>\n<p>Reguleeritav kruvi l\u00f5ugade avanemise reguleerimiseks<br \/>     -Nikeldatud viimistlus hoiab \u00e4ra rooste ja korrosiooni<br \/>     &#8211; L\u00f5ug on valmistatud kroommol\u00fcbdeenisulammist terasest ja korpus on     k\u00f5rglegeeritud terasest<\/p>","protected":false},"excerpt":{"rendered":"<p>S171-71401<\/p>\n","protected":false},"featured_media":764107,"template":"","meta":[],"product_cat":[55667,56575,55622],"product_tag":[],"_links":{"self":[{"href":"https:\/\/tparts.ee\/et\/wp-json\/wp\/v2\/product\/764106"}],"collection":[{"href":"https:\/\/tparts.ee\/et\/wp-json\/wp\/v2\/product"}],"about":[{"href":"https:\/\/tparts.ee\/et\/wp-json\/wp\/v2\/types\/product"}],"wp:featuredmedia":[{"embeddable":true,"href":"https:\/\/tparts.ee\/et\/wp-json\/wp\/v2\/media\/764107"}],"wp:attachment":[{"href":"https:\/\/tparts.ee\/et\/wp-json\/wp\/v2\/media?parent=764106"}],"wp:term":[{"taxonomy":"product_cat","embeddable":true,"href":"https:\/\/tparts.ee\/et\/wp-json\/wp\/v2\/product_cat?post=764106"},{"taxonomy":"product_tag","embeddable":true,"href":"https:\/\/tparts.ee\/et\/wp-json\/wp\/v2\/product_tag?post=764106"}],"curies":[{"name":"wp","href":"https:\/\/api.w.org\/{rel}","templated":true}]}}