{"id":764082,"date":"2026-04-03T03:00:07","date_gmt":"2026-04-03T03:00:07","guid":{"rendered":""},"modified":"2026-04-03T03:00:07","modified_gmt":"2026-04-03T03:00:07","slug":"8-peenotsaga-napitsad","status":"publish","type":"product","link":"https:\/\/tparts.ee\/et\/p\/8-peenotsaga-napitsad\/","title":{"rendered":"8 peenotsaga n\u00e4pitsad"},"content":{"rendered":"<p>Spetsiaalselt t\u00f6\u00f6deldud l\u00f5iketera pikendatud eluea tagamiseks<\/p>\n<p>       &#8211; Vastupidav kroomnikkelterasest konstruktsioon tagab kestva       kasutamise<br \/>       &#8211; Must viimistlus enne poleerimist<\/p>","protected":false},"excerpt":{"rendered":"<p>S171-70102<\/p>\n","protected":false},"featured_media":764083,"template":"","meta":[],"product_cat":[55667,56575,55622],"product_tag":[],"_links":{"self":[{"href":"https:\/\/tparts.ee\/et\/wp-json\/wp\/v2\/product\/764082"}],"collection":[{"href":"https:\/\/tparts.ee\/et\/wp-json\/wp\/v2\/product"}],"about":[{"href":"https:\/\/tparts.ee\/et\/wp-json\/wp\/v2\/types\/product"}],"wp:featuredmedia":[{"embeddable":true,"href":"https:\/\/tparts.ee\/et\/wp-json\/wp\/v2\/media\/764083"}],"wp:attachment":[{"href":"https:\/\/tparts.ee\/et\/wp-json\/wp\/v2\/media?parent=764082"}],"wp:term":[{"taxonomy":"product_cat","embeddable":true,"href":"https:\/\/tparts.ee\/et\/wp-json\/wp\/v2\/product_cat?post=764082"},{"taxonomy":"product_tag","embeddable":true,"href":"https:\/\/tparts.ee\/et\/wp-json\/wp\/v2\/product_tag?post=764082"}],"curies":[{"name":"wp","href":"https:\/\/api.w.org\/{rel}","templated":true}]}}