{"id":763184,"date":"2026-03-01T03:00:05","date_gmt":"2026-03-01T03:00:05","guid":{"rendered":""},"modified":"2026-03-01T03:00:05","modified_gmt":"2026-03-01T03:00:05","slug":"led-lisakaugtuli-12-24v-29w-ref-20","status":"publish","type":"product","link":"https:\/\/tparts.ee\/et\/p\/led-lisakaugtuli-12-24v-29w-ref-20\/","title":{"rendered":"LED lisakaugtuli 12\/24V 29W Ref 20"},"content":{"rendered":"<p><\/p>\n<p>Suurendab s\u00f5iduohutust t\u00e4nu pikale valgusvihule. \u00dchtlane valgustatus valgusvihu kogu ulatuses.&nbsp;Osrami kvaliteet<\/p>","protected":false},"excerpt":{"rendered":"<p>S152-LEDDL106-SP<\/p>\n","protected":false},"featured_media":763185,"template":"","meta":[],"product_cat":[55632,55979,55660],"product_tag":[],"_links":{"self":[{"href":"https:\/\/tparts.ee\/et\/wp-json\/wp\/v2\/product\/763184"}],"collection":[{"href":"https:\/\/tparts.ee\/et\/wp-json\/wp\/v2\/product"}],"about":[{"href":"https:\/\/tparts.ee\/et\/wp-json\/wp\/v2\/types\/product"}],"wp:featuredmedia":[{"embeddable":true,"href":"https:\/\/tparts.ee\/et\/wp-json\/wp\/v2\/media\/763185"}],"wp:attachment":[{"href":"https:\/\/tparts.ee\/et\/wp-json\/wp\/v2\/media?parent=763184"}],"wp:term":[{"taxonomy":"product_cat","embeddable":true,"href":"https:\/\/tparts.ee\/et\/wp-json\/wp\/v2\/product_cat?post=763184"},{"taxonomy":"product_tag","embeddable":true,"href":"https:\/\/tparts.ee\/et\/wp-json\/wp\/v2\/product_tag?post=763184"}],"curies":[{"name":"wp","href":"https:\/\/api.w.org\/{rel}","templated":true}]}}