{"id":763092,"date":"2026-04-16T03:00:08","date_gmt":"2026-04-16T03:00:08","guid":{"rendered":""},"modified":"2026-04-16T03:00:08","modified_gmt":"2026-04-16T03:00:08","slug":"d4s-xenarc-35w-p32d-5-1tk","status":"publish","type":"product","link":"https:\/\/tparts.ee\/et\/p\/d4s-xenarc-35w-p32d-5-1tk\/","title":{"rendered":"D4S Xenarc 35W P32d-5 1tk"},"content":{"rendered":"<p><\/p>\n<p>Ksenoonpirni eelised:<\/p>\n<ul style=padding-top: 0px; padding-right: 0px; padding-bottom: 0px; padding-left: 15px; margin-top: 0px; margin-right: 0px; margin-bottom: 0px; margin-left: 0px; >\n<li>Pikk kasutusiga &ndash; suur t\u00f6\u00f6kindlus.<\/li>\n<li>K\u00f5rge valguse temperatuur (annab sinaka valguse) &ndash; v\u00e4hem v\u00e4sitav juhile pikkadel \u00f6istel s\u00f5itudel ja parem kontrastsus.<\/li>\n<li>K\u00f5rge efektiivsus &ndash; 3 korda efektiivsemad kui halogeen-valgusallikad.<\/li>\n<li>Suur valgusviljakus &ndash; 2 kuni 3 korda enam kui halogeen-valgusallikatel.<\/li>\n<\/ul>\n<p><br \/>","protected":false},"excerpt":{"rendered":"<p>S152-66440<\/p>\n","protected":false},"featured_media":763093,"template":"","meta":[],"product_cat":[55632,55666],"product_tag":[],"_links":{"self":[{"href":"https:\/\/tparts.ee\/et\/wp-json\/wp\/v2\/product\/763092"}],"collection":[{"href":"https:\/\/tparts.ee\/et\/wp-json\/wp\/v2\/product"}],"about":[{"href":"https:\/\/tparts.ee\/et\/wp-json\/wp\/v2\/types\/product"}],"wp:featuredmedia":[{"embeddable":true,"href":"https:\/\/tparts.ee\/et\/wp-json\/wp\/v2\/media\/763093"}],"wp:attachment":[{"href":"https:\/\/tparts.ee\/et\/wp-json\/wp\/v2\/media?parent=763092"}],"wp:term":[{"taxonomy":"product_cat","embeddable":true,"href":"https:\/\/tparts.ee\/et\/wp-json\/wp\/v2\/product_cat?post=763092"},{"taxonomy":"product_tag","embeddable":true,"href":"https:\/\/tparts.ee\/et\/wp-json\/wp\/v2\/product_tag?post=763092"}],"curies":[{"name":"wp","href":"https:\/\/api.w.org\/{rel}","templated":true}]}}