{"id":762448,"date":"2026-04-09T03:00:06","date_gmt":"2026-04-09T03:00:06","guid":{"rendered":""},"modified":"2026-04-09T03:00:06","modified_gmt":"2026-04-09T03:00:06","slug":"structure-matt-must-400ml","status":"publish","type":"product","link":"https:\/\/tparts.ee\/et\/p\/structure-matt-must-400ml\/","title":{"rendered":"STRUCTURE matt must 400ml"},"content":{"rendered":"<p><\/p>\n<div>K\u00f5rgkvaliteetne kareda pinnaga spetsiaalv\u00e4rv autoosade isikup\u00e4raseks disainimiseks ning&nbsp;muudeks kodusteks disainit\u00f6\u00f6deks. Metalli<\/p>","protected":false},"excerpt":{"rendered":"<p>S151-695995<\/p>\n","protected":false},"featured_media":762449,"template":"","meta":[],"product_cat":[55833,56454,55622],"product_tag":[],"_links":{"self":[{"href":"https:\/\/tparts.ee\/et\/wp-json\/wp\/v2\/product\/762448"}],"collection":[{"href":"https:\/\/tparts.ee\/et\/wp-json\/wp\/v2\/product"}],"about":[{"href":"https:\/\/tparts.ee\/et\/wp-json\/wp\/v2\/types\/product"}],"wp:featuredmedia":[{"embeddable":true,"href":"https:\/\/tparts.ee\/et\/wp-json\/wp\/v2\/media\/762449"}],"wp:attachment":[{"href":"https:\/\/tparts.ee\/et\/wp-json\/wp\/v2\/media?parent=762448"}],"wp:term":[{"taxonomy":"product_cat","embeddable":true,"href":"https:\/\/tparts.ee\/et\/wp-json\/wp\/v2\/product_cat?post=762448"},{"taxonomy":"product_tag","embeddable":true,"href":"https:\/\/tparts.ee\/et\/wp-json\/wp\/v2\/product_tag?post=762448"}],"curies":[{"name":"wp","href":"https:\/\/api.w.org\/{rel}","templated":true}]}}