{"id":762092,"date":"2026-04-11T03:00:07","date_gmt":"2026-04-11T03:00:07","guid":{"rendered":""},"modified":"2026-04-11T03:00:07","modified_gmt":"2026-04-11T03:00:07","slug":"graffiti-ex-varvieemaldaja-400ml","status":"publish","type":"product","link":"https:\/\/tparts.ee\/et\/p\/graffiti-ex-varvieemaldaja-400ml\/","title":{"rendered":"Graffiti-ex v\u00e4rvieemaldaja  400ml"},"content":{"rendered":"<p><\/p>\n<p>\u00c4\u00e4rmiselt t\u00f5hus v\u00e4rvieemaldi. Eemaldab kergesti ja p\u00f5hjalikult vanu joonistusi ja soovimatuid&nbsp;seinamaalinguid. Kasutamiseks m\u00fc\u00fcritisel<\/p>","protected":false},"excerpt":{"rendered":"<p>S151-195419<\/p>\n","protected":false},"featured_media":762093,"template":"","meta":[],"product_cat":[55833,56366,55622],"product_tag":[],"_links":{"self":[{"href":"https:\/\/tparts.ee\/et\/wp-json\/wp\/v2\/product\/762092"}],"collection":[{"href":"https:\/\/tparts.ee\/et\/wp-json\/wp\/v2\/product"}],"about":[{"href":"https:\/\/tparts.ee\/et\/wp-json\/wp\/v2\/types\/product"}],"wp:featuredmedia":[{"embeddable":true,"href":"https:\/\/tparts.ee\/et\/wp-json\/wp\/v2\/media\/762093"}],"wp:attachment":[{"href":"https:\/\/tparts.ee\/et\/wp-json\/wp\/v2\/media?parent=762092"}],"wp:term":[{"taxonomy":"product_cat","embeddable":true,"href":"https:\/\/tparts.ee\/et\/wp-json\/wp\/v2\/product_cat?post=762092"},{"taxonomy":"product_tag","embeddable":true,"href":"https:\/\/tparts.ee\/et\/wp-json\/wp\/v2\/product_tag?post=762092"}],"curies":[{"name":"wp","href":"https:\/\/api.w.org\/{rel}","templated":true}]}}