{"id":761944,"date":"2026-01-10T03:00:13","date_gmt":"2026-01-10T03:00:13","guid":{"rendered":""},"modified":"2026-01-10T03:00:13","modified_gmt":"2026-01-10T03:00:13","slug":"245-45r17-nankang-sv-1-lamellrehv-d-d-b-99t-xl","status":"publish","type":"product","link":"https:\/\/tparts.ee\/et\/p\/245-45r17-nankang-sv-1-lamellrehv-d-d-b-99t-xl\/","title":{"rendered":"245\/45R17 Nankang SV-1 lamellrehv D\/D\/B 99T XL"},"content":{"rendered":"<p><\/p>\n<p>V-kujuline rehvimuster ja lamellid tagavad hea sooritusv\u00f5ime ja stabiilse s\u00f5idu talvistes tingimustes. Tihedad ebaregulaarsed lamellid aitavad paremini pidurdada ning kiirendada lumisel ja j\u00e4isel teel. Spetsiaalne silica rehvisegu tagab rehvi elastsuse madalatel temperatuuridel.<\/p>\n<p><\/p>","protected":false},"excerpt":{"rendered":"<p>S143-2454517L<\/p>\n","protected":false},"featured_media":761945,"template":"","meta":[],"product_cat":[55632,55707],"product_tag":[],"_links":{"self":[{"href":"https:\/\/tparts.ee\/et\/wp-json\/wp\/v2\/product\/761944"}],"collection":[{"href":"https:\/\/tparts.ee\/et\/wp-json\/wp\/v2\/product"}],"about":[{"href":"https:\/\/tparts.ee\/et\/wp-json\/wp\/v2\/types\/product"}],"wp:featuredmedia":[{"embeddable":true,"href":"https:\/\/tparts.ee\/et\/wp-json\/wp\/v2\/media\/761945"}],"wp:attachment":[{"href":"https:\/\/tparts.ee\/et\/wp-json\/wp\/v2\/media?parent=761944"}],"wp:term":[{"taxonomy":"product_cat","embeddable":true,"href":"https:\/\/tparts.ee\/et\/wp-json\/wp\/v2\/product_cat?post=761944"},{"taxonomy":"product_tag","embeddable":true,"href":"https:\/\/tparts.ee\/et\/wp-json\/wp\/v2\/product_tag?post=761944"}],"curies":[{"name":"wp","href":"https:\/\/api.w.org\/{rel}","templated":true}]}}