{"id":761910,"date":"2026-01-10T03:00:13","date_gmt":"2026-01-10T03:00:13","guid":{"rendered":""},"modified":"2026-01-10T03:00:13","modified_gmt":"2026-01-10T03:00:13","slug":"215-65r16-nankang-ice-1-lamellrehv-d-d-b-102q-xl","status":"publish","type":"product","link":"https:\/\/tparts.ee\/et\/p\/215-65r16-nankang-ice-1-lamellrehv-d-d-b-102q-xl\/","title":{"rendered":"215\/65R16 Nankang ICE-1 lamellrehv D\/D\/B 102Q XL"},"content":{"rendered":"<p><\/p>\n<p>Pehme rehvisegu tagab madalatel temperatuuridel elastsuse ja hea haarduvuse. Tihedalt ja erinevate nurkade all paigutatud lamellid tagavad suurema kontaktpinna ja parema juhitavuse lumel. V-kujuline diagonaalmuster v\u00e4hendab vesiliu tekkimise ohtu suunates l\u00f6rtsi ja vee k\u00f5rvale.<\/p>\n<p><\/p>","protected":false},"excerpt":{"rendered":"<p>S143-2156516ICE1<\/p>\n","protected":false},"featured_media":761911,"template":"","meta":[],"product_cat":[55632,55707],"product_tag":[],"_links":{"self":[{"href":"https:\/\/tparts.ee\/et\/wp-json\/wp\/v2\/product\/761910"}],"collection":[{"href":"https:\/\/tparts.ee\/et\/wp-json\/wp\/v2\/product"}],"about":[{"href":"https:\/\/tparts.ee\/et\/wp-json\/wp\/v2\/types\/product"}],"wp:featuredmedia":[{"embeddable":true,"href":"https:\/\/tparts.ee\/et\/wp-json\/wp\/v2\/media\/761911"}],"wp:attachment":[{"href":"https:\/\/tparts.ee\/et\/wp-json\/wp\/v2\/media?parent=761910"}],"wp:term":[{"taxonomy":"product_cat","embeddable":true,"href":"https:\/\/tparts.ee\/et\/wp-json\/wp\/v2\/product_cat?post=761910"},{"taxonomy":"product_tag","embeddable":true,"href":"https:\/\/tparts.ee\/et\/wp-json\/wp\/v2\/product_tag?post=761910"}],"curies":[{"name":"wp","href":"https:\/\/api.w.org\/{rel}","templated":true}]}}