{"id":761880,"date":"2026-01-21T03:00:06","date_gmt":"2026-01-21T03:00:06","guid":{"rendered":""},"modified":"2026-01-21T03:00:06","modified_gmt":"2026-01-21T03:00:06","slug":"205-65r15-nankang-sw-8-naastrehv-99t-xl","status":"publish","type":"product","link":"https:\/\/tparts.ee\/et\/p\/205-65r15-nankang-sw-8-naastrehv-99t-xl\/","title":{"rendered":"205\/65R15 Nankang SW-8 naastrehv 99T XL"},"content":{"rendered":"<p><\/p>\n<p>Raskeid talviseid ilmastikuolusid silmas pidades v\u00e4lja t\u00f6\u00f6tatud naastrehv. Rohke naastude arv ja asetus kindlustab hea haarduvuse j\u00e4\u00e4l. Rehvi V-kujuline diagonaalmuster v\u00e4hendab vesiliu tekkimise ohtu.<\/p>\n<p><\/p>","protected":false},"excerpt":{"rendered":"<p>S143-2056515SW8N<\/p>\n","protected":false},"featured_media":761881,"template":"","meta":[],"product_cat":[55632,55707],"product_tag":[],"_links":{"self":[{"href":"https:\/\/tparts.ee\/et\/wp-json\/wp\/v2\/product\/761880"}],"collection":[{"href":"https:\/\/tparts.ee\/et\/wp-json\/wp\/v2\/product"}],"about":[{"href":"https:\/\/tparts.ee\/et\/wp-json\/wp\/v2\/types\/product"}],"wp:featuredmedia":[{"embeddable":true,"href":"https:\/\/tparts.ee\/et\/wp-json\/wp\/v2\/media\/761881"}],"wp:attachment":[{"href":"https:\/\/tparts.ee\/et\/wp-json\/wp\/v2\/media?parent=761880"}],"wp:term":[{"taxonomy":"product_cat","embeddable":true,"href":"https:\/\/tparts.ee\/et\/wp-json\/wp\/v2\/product_cat?post=761880"},{"taxonomy":"product_tag","embeddable":true,"href":"https:\/\/tparts.ee\/et\/wp-json\/wp\/v2\/product_tag?post=761880"}],"curies":[{"name":"wp","href":"https:\/\/api.w.org\/{rel}","templated":true}]}}