{"id":760482,"date":"2026-04-17T03:00:06","date_gmt":"2026-04-17T03:00:06","guid":{"rendered":""},"modified":"2026-04-17T03:00:06","modified_gmt":"2026-04-17T03:00:06","slug":"motip-piduripuhastus-profi-600ml","status":"publish","type":"product","link":"https:\/\/tparts.ee\/et\/p\/motip-piduripuhastus-profi-600ml\/","title":{"rendered":"Motip piduripuhastus profi 600ml"},"content":{"rendered":"<p><\/p>\n<p>Suure lahustamisv\u00f5imega puhastusvahend piduriosade puhastamiseks. Ei  s\u00f6\u00f6vita. Ei j\u00e4ta j\u00e4\u00e4ke. Ei juhi elektrit. V\u00f5imas pihustusotsik.<\/p>\n<p><\/p>","protected":false},"excerpt":{"rendered":"<p>S113-090628<\/p>\n","protected":false},"featured_media":760483,"template":"","meta":[],"product_cat":[55632,55686,55727,55687],"product_tag":[],"_links":{"self":[{"href":"https:\/\/tparts.ee\/et\/wp-json\/wp\/v2\/product\/760482"}],"collection":[{"href":"https:\/\/tparts.ee\/et\/wp-json\/wp\/v2\/product"}],"about":[{"href":"https:\/\/tparts.ee\/et\/wp-json\/wp\/v2\/types\/product"}],"wp:featuredmedia":[{"embeddable":true,"href":"https:\/\/tparts.ee\/et\/wp-json\/wp\/v2\/media\/760483"}],"wp:attachment":[{"href":"https:\/\/tparts.ee\/et\/wp-json\/wp\/v2\/media?parent=760482"}],"wp:term":[{"taxonomy":"product_cat","embeddable":true,"href":"https:\/\/tparts.ee\/et\/wp-json\/wp\/v2\/product_cat?post=760482"},{"taxonomy":"product_tag","embeddable":true,"href":"https:\/\/tparts.ee\/et\/wp-json\/wp\/v2\/product_tag?post=760482"}],"curies":[{"name":"wp","href":"https:\/\/api.w.org\/{rel}","templated":true}]}}