{"id":760354,"date":"2026-04-15T03:00:06","date_gmt":"2026-04-15T03:00:06","guid":{"rendered":""},"modified":"2026-04-15T03:00:06","modified_gmt":"2026-04-15T03:00:06","slug":"motip-ral1018-kollane-akruulvarv-500ml","status":"publish","type":"product","link":"https:\/\/tparts.ee\/et\/p\/motip-ral1018-kollane-akruulvarv-500ml\/","title":{"rendered":"Motip RAL1018 kollane akr\u00fc\u00fclv\u00e4rv 500ml"},"content":{"rendered":"<p><\/p>\n<p>Kiiresti kuivav kvaliteetne akr&uuml;&uuml;lv&auml;rv<\/p>","protected":false},"excerpt":{"rendered":"<p>S113-04108<\/p>\n","protected":false},"featured_media":760355,"template":"","meta":[],"product_cat":[55833,56366,55622],"product_tag":[],"_links":{"self":[{"href":"https:\/\/tparts.ee\/et\/wp-json\/wp\/v2\/product\/760354"}],"collection":[{"href":"https:\/\/tparts.ee\/et\/wp-json\/wp\/v2\/product"}],"about":[{"href":"https:\/\/tparts.ee\/et\/wp-json\/wp\/v2\/types\/product"}],"wp:featuredmedia":[{"embeddable":true,"href":"https:\/\/tparts.ee\/et\/wp-json\/wp\/v2\/media\/760355"}],"wp:attachment":[{"href":"https:\/\/tparts.ee\/et\/wp-json\/wp\/v2\/media?parent=760354"}],"wp:term":[{"taxonomy":"product_cat","embeddable":true,"href":"https:\/\/tparts.ee\/et\/wp-json\/wp\/v2\/product_cat?post=760354"},{"taxonomy":"product_tag","embeddable":true,"href":"https:\/\/tparts.ee\/et\/wp-json\/wp\/v2\/product_tag?post=760354"}],"curies":[{"name":"wp","href":"https:\/\/api.w.org\/{rel}","templated":true}]}}