{"id":760198,"date":"2026-04-11T03:00:05","date_gmt":"2026-04-11T03:00:05","guid":{"rendered":""},"modified":"2026-04-11T03:00:05","modified_gmt":"2026-04-11T03:00:05","slug":"motip-kaiguosa-maare-200ml","status":"publish","type":"product","link":"https:\/\/tparts.ee\/et\/p\/motip-kaiguosa-maare-200ml\/","title":{"rendered":"Motip k\u00e4iguosa m\u00e4\u00e4re 200ml"},"content":{"rendered":"<p><\/p>\n<p>&nbsp;<\/p>\n<p><\/p>\n<p><img src=data:image\/png;base64\n<\/p>","protected":false},"excerpt":{"rendered":"<p>S113-000293<\/p>\n","protected":false},"featured_media":760199,"template":"","meta":[],"product_cat":[56365,55797,55617],"product_tag":[],"_links":{"self":[{"href":"https:\/\/tparts.ee\/et\/wp-json\/wp\/v2\/product\/760198"}],"collection":[{"href":"https:\/\/tparts.ee\/et\/wp-json\/wp\/v2\/product"}],"about":[{"href":"https:\/\/tparts.ee\/et\/wp-json\/wp\/v2\/types\/product"}],"wp:featuredmedia":[{"embeddable":true,"href":"https:\/\/tparts.ee\/et\/wp-json\/wp\/v2\/media\/760199"}],"wp:attachment":[{"href":"https:\/\/tparts.ee\/et\/wp-json\/wp\/v2\/media?parent=760198"}],"wp:term":[{"taxonomy":"product_cat","embeddable":true,"href":"https:\/\/tparts.ee\/et\/wp-json\/wp\/v2\/product_cat?post=760198"},{"taxonomy":"product_tag","embeddable":true,"href":"https:\/\/tparts.ee\/et\/wp-json\/wp\/v2\/product_tag?post=760198"}],"curies":[{"name":"wp","href":"https:\/\/api.w.org\/{rel}","templated":true}]}}