{"id":760146,"date":"2026-04-17T03:00:05","date_gmt":"2026-04-17T03:00:05","guid":{"rendered":""},"modified":"2026-04-17T03:00:05","modified_gmt":"2026-04-17T03:00:05","slug":"4-taktilise-mootorratta-taissunteetiline-oli-10w40-1l","status":"publish","type":"product","link":"https:\/\/tparts.ee\/et\/p\/4-taktilise-mootorratta-taissunteetiline-oli-10w40-1l\/","title":{"rendered":"4-taktilise mootorratta t\u00e4iss\u00fcnteetiline \u00f5li 10W40 1l"},"content":{"rendered":"<p><\/p>\n<p>Carlube t&auml;iss&uuml;nteetiline 10W40 mootori&otilde;li on m&otilde;eldud kasutamiseks 4-taktilistes mootorratta mootorites. Sobib kasutada nii Euroopa kui ka Jaapani p&auml;ritolu &otilde;hk- ja vesijahutusega mootorites. Carlube mootorratta&otilde;li tagab uute mitmeklapiliste mootorite hea m&auml;&auml;rimise suurtel koormustel n&auml;iteks v&otilde;istlustingimuses. S&auml;ilitab head m&auml;&auml;rimisomadusi paremini kui mineraal&otilde;li kaitstes mootorit kestval maantes&otilde;idul l&uuml;hikeste stop-start k&uuml;lmk&auml;ivituse tingimusteni.&nbsp;Samuti sobib kasutamiseks vanemates mootorites<\/p>","protected":false},"excerpt":{"rendered":"<p>S112-XFS401<\/p>\n","protected":false},"featured_media":760147,"template":"","meta":[],"product_cat":[56327,55704],"product_tag":[],"_links":{"self":[{"href":"https:\/\/tparts.ee\/et\/wp-json\/wp\/v2\/product\/760146"}],"collection":[{"href":"https:\/\/tparts.ee\/et\/wp-json\/wp\/v2\/product"}],"about":[{"href":"https:\/\/tparts.ee\/et\/wp-json\/wp\/v2\/types\/product"}],"wp:featuredmedia":[{"embeddable":true,"href":"https:\/\/tparts.ee\/et\/wp-json\/wp\/v2\/media\/760147"}],"wp:attachment":[{"href":"https:\/\/tparts.ee\/et\/wp-json\/wp\/v2\/media?parent=760146"}],"wp:term":[{"taxonomy":"product_cat","embeddable":true,"href":"https:\/\/tparts.ee\/et\/wp-json\/wp\/v2\/product_cat?post=760146"},{"taxonomy":"product_tag","embeddable":true,"href":"https:\/\/tparts.ee\/et\/wp-json\/wp\/v2\/product_tag?post=760146"}],"curies":[{"name":"wp","href":"https:\/\/api.w.org\/{rel}","templated":true}]}}