{"id":760104,"date":"2026-03-31T03:00:06","date_gmt":"2026-03-31T03:00:06","guid":{"rendered":""},"modified":"2026-03-31T03:00:06","modified_gmt":"2026-03-31T03:00:06","slug":"diiselkutuse-lisand-300ml","status":"publish","type":"product","link":"https:\/\/tparts.ee\/et\/p\/diiselkutuse-lisand-300ml\/","title":{"rendered":"Diiselk\u00fctuse lisand 300ml"},"content":{"rendered":"<p><\/p>\n<p>&nbsp;<\/p>\n<p>Diiselk\u00fctuse lisand Diesel Treatment on m\u00f5eldud diiselmootori k\u00fctuses\u00fcsteemi effektiivsuse t\u00f5stmiseks k\u00f5iki t\u00fc\u00fcpi diiselmootorite korral ka. turboga varustatud mootorid. Puhastab k\u00fcttes\u00fcsteemi ja eels\u00fc\u00fctek\u00fc\u00fcnlad. V\u00e4hendab mootori suitsemist. T\u00f5stab mootori \u00f6konoomsust. 300ml ainet on m\u00f5eldud kasutamaks 50 liitri diiselk\u00fctusega.<\/p>\n<p><\/p>","protected":false},"excerpt":{"rendered":"<p>S112-QPD300<\/p>\n","protected":false},"featured_media":760105,"template":"","meta":[],"product_cat":[55632,55686,56005,55863],"product_tag":[],"_links":{"self":[{"href":"https:\/\/tparts.ee\/et\/wp-json\/wp\/v2\/product\/760104"}],"collection":[{"href":"https:\/\/tparts.ee\/et\/wp-json\/wp\/v2\/product"}],"about":[{"href":"https:\/\/tparts.ee\/et\/wp-json\/wp\/v2\/types\/product"}],"wp:featuredmedia":[{"embeddable":true,"href":"https:\/\/tparts.ee\/et\/wp-json\/wp\/v2\/media\/760105"}],"wp:attachment":[{"href":"https:\/\/tparts.ee\/et\/wp-json\/wp\/v2\/media?parent=760104"}],"wp:term":[{"taxonomy":"product_cat","embeddable":true,"href":"https:\/\/tparts.ee\/et\/wp-json\/wp\/v2\/product_cat?post=760104"},{"taxonomy":"product_tag","embeddable":true,"href":"https:\/\/tparts.ee\/et\/wp-json\/wp\/v2\/product_tag?post=760104"}],"curies":[{"name":"wp","href":"https:\/\/api.w.org\/{rel}","templated":true}]}}