{"id":759304,"date":"2026-04-18T03:00:07","date_gmt":"2026-04-18T03:00:07","guid":{"rendered":""},"modified":"2026-04-18T03:00:07","modified_gmt":"2026-04-18T03:00:07","slug":"valeo-first-350x1-u-575535-raamiga-kojamees","status":"publish","type":"product","link":"https:\/\/tparts.ee\/et\/p\/valeo-first-350x1-u-575535-raamiga-kojamees\/","title":{"rendered":"Valeo First 350&#215;1 U 575535 raamiga kojamees"},"content":{"rendered":"<p><\/p>\n<ul><\/p>\n<li>Parima hinna\/kvaliteedisuhtega tehnoloogia<\/li>\n<p><\/p>\n<li>T\u00e4ismetall raam<\/li>\n<p><\/p>\n<li>Naturaalne spetsiaalselt t\u00f6\u00f6deldud kumm tagab optimaalse p\u00fchkimise<\/li>\n<p><\/p>\n<li>Universaalne eelpaigaldatud adaptor<\/li>\n<\/ul>\n<p>Pakendis 1tk.<\/p>\n<p><\/p>","protected":false},"excerpt":{"rendered":"<p>S108-VF35<\/p>\n","protected":false},"featured_media":759305,"template":"","meta":[],"product_cat":[55632,55690],"product_tag":[],"_links":{"self":[{"href":"https:\/\/tparts.ee\/et\/wp-json\/wp\/v2\/product\/759304"}],"collection":[{"href":"https:\/\/tparts.ee\/et\/wp-json\/wp\/v2\/product"}],"about":[{"href":"https:\/\/tparts.ee\/et\/wp-json\/wp\/v2\/types\/product"}],"wp:featuredmedia":[{"embeddable":true,"href":"https:\/\/tparts.ee\/et\/wp-json\/wp\/v2\/media\/759305"}],"wp:attachment":[{"href":"https:\/\/tparts.ee\/et\/wp-json\/wp\/v2\/media?parent=759304"}],"wp:term":[{"taxonomy":"product_cat","embeddable":true,"href":"https:\/\/tparts.ee\/et\/wp-json\/wp\/v2\/product_cat?post=759304"},{"taxonomy":"product_tag","embeddable":true,"href":"https:\/\/tparts.ee\/et\/wp-json\/wp\/v2\/product_tag?post=759304"}],"curies":[{"name":"wp","href":"https:\/\/api.w.org\/{rel}","templated":true}]}}