{"id":759192,"date":"2026-04-14T03:00:05","date_gmt":"2026-04-14T03:00:05","guid":{"rendered":""},"modified":"2026-04-14T03:00:05","modified_gmt":"2026-04-14T03:00:05","slug":"varvi-puhastuspasta-500ml","status":"publish","type":"product","link":"https:\/\/tparts.ee\/et\/p\/varvi-puhastuspasta-500ml\/","title":{"rendered":"V\u00e4rvi puhastuspasta 500ml"},"content":{"rendered":"<p><\/p>\n<p>Kreemjas puhastuspasta mis s\u00fcvapuhastab ja taastab v\u00e4rvi esialgse s\u00e4ra ja s\u00fcgavuse. Sobib nii tava- kui ka metallikv\u00e4rvile.<\/p>\n<p><\/p>","protected":false},"excerpt":{"rendered":"<p>S107-003210<\/p>\n","protected":false},"featured_media":759193,"template":"","meta":[],"product_cat":[55632,55686,55779,55998],"product_tag":[],"_links":{"self":[{"href":"https:\/\/tparts.ee\/et\/wp-json\/wp\/v2\/product\/759192"}],"collection":[{"href":"https:\/\/tparts.ee\/et\/wp-json\/wp\/v2\/product"}],"about":[{"href":"https:\/\/tparts.ee\/et\/wp-json\/wp\/v2\/types\/product"}],"wp:featuredmedia":[{"embeddable":true,"href":"https:\/\/tparts.ee\/et\/wp-json\/wp\/v2\/media\/759193"}],"wp:attachment":[{"href":"https:\/\/tparts.ee\/et\/wp-json\/wp\/v2\/media?parent=759192"}],"wp:term":[{"taxonomy":"product_cat","embeddable":true,"href":"https:\/\/tparts.ee\/et\/wp-json\/wp\/v2\/product_cat?post=759192"},{"taxonomy":"product_tag","embeddable":true,"href":"https:\/\/tparts.ee\/et\/wp-json\/wp\/v2\/product_tag?post=759192"}],"curies":[{"name":"wp","href":"https:\/\/api.w.org\/{rel}","templated":true}]}}